{"id":1425,"date":"2025-02-04T12:48:04","date_gmt":"2025-02-04T17:48:04","guid":{"rendered":"https:\/\/struke.com.pe\/tienda\/?post_type=product&#038;p=1425"},"modified":"2026-04-19T20:50:56","modified_gmt":"2026-04-20T01:50:56","slug":"cmatic-serie-ma-ma26","status":"publish","type":"product","link":"https:\/\/struke.com.pe\/tienda\/producto\/cmatic-serie-ma-ma26\/","title":{"rendered":"CMATIC Serie MA \u2013 MA26"},"content":{"rendered":"<table style=\"width: 53.8028%;\" width=\"817\">\n<tbody>\n<tr>\n<td style=\"text-align: center; width: 13.8686%;\" width=\"113\"><strong>C\u00f3digo<\/strong><\/td>\n<td style=\"text-align: center; width: 22.2249%;\" width=\"162\"><strong>Categor\u00eda<\/strong><\/td>\n<td style=\"text-align: center; width: 8.65568%;\" width=\"49\"><strong>Marca<\/strong><\/td>\n<td style=\"text-align: center; width: 18.3756%;\" width=\"132\"><strong>Materiales<\/strong><\/td>\n<td style=\"text-align: center; width: 13.0986%;\" width=\"128\"><strong>Ejecuci\u00f3n<\/strong><\/td>\n<td style=\"text-align: center; width: 10.9059%;\" width=\"119\"><strong>Conexi\u00f3n 1 [mm]<\/strong><\/td>\n<td style=\"text-align: center; width: 17.9454%;\" width=\"114\"><strong>Conexi\u00f3n 2 [mm]<\/strong><\/td>\n<\/tr>\n<tr>\n<td style=\"text-align: center; width: 13.8686%;\">MA260303<\/td>\n<td style=\"text-align: center; width: 22.2249%;\">Conectores instant\u00e1neos<\/td>\n<td style=\"text-align: center; width: 8.65568%;\">Cmatic<\/td>\n<td style=\"text-align: center; width: 18.3756%;\">Lat\u00f3n niquelado<\/td>\n<td style=\"text-align: center; width: 13.0986%;\">Uni\u00f3n recta<\/td>\n<td style=\"text-align: center; width: 10.9059%;\">3<\/td>\n<td style=\"text-align: center; width: 17.9454%;\">3<\/td>\n<\/tr>\n<tr>\n<td style=\"text-align: center; width: 13.8686%;\">MA260404<\/td>\n<td style=\"text-align: center; width: 22.2249%;\">Conectores instant\u00e1neos<\/td>\n<td style=\"text-align: center; width: 8.65568%;\">Cmatic<\/td>\n<td style=\"text-align: center; width: 18.3756%;\">Lat\u00f3n niquelado<\/td>\n<td style=\"text-align: center; width: 13.0986%;\">Uni\u00f3n recta<\/td>\n<td style=\"text-align: center; width: 10.9059%;\">4<\/td>\n<td style=\"text-align: center; width: 17.9454%;\">4<\/td>\n<\/tr>\n<tr>\n<td style=\"text-align: center; width: 13.8686%;\">MA260604<\/td>\n<td style=\"text-align: center; width: 22.2249%;\">Conectores instant\u00e1neos<\/td>\n<td style=\"text-align: center; width: 8.65568%;\">Cmatic<\/td>\n<td style=\"text-align: center; width: 18.3756%;\">Lat\u00f3n niquelado<\/td>\n<td style=\"text-align: center; width: 13.0986%;\">Uni\u00f3n recta<\/td>\n<td style=\"text-align: center; width: 10.9059%;\">6<\/td>\n<td style=\"text-align: center; width: 17.9454%;\">4<\/td>\n<\/tr>\n<tr>\n<td style=\"text-align: center; width: 13.8686%;\">MA260606<\/td>\n<td style=\"text-align: center; width: 22.2249%;\">Conectores instant\u00e1neos<\/td>\n<td style=\"text-align: center; width: 8.65568%;\">Cmatic<\/td>\n<td style=\"text-align: center; width: 18.3756%;\">Lat\u00f3n niquelado<\/td>\n<td style=\"text-align: center; width: 13.0986%;\">Uni\u00f3n recta<\/td>\n<td style=\"text-align: center; width: 10.9059%;\">6<\/td>\n<td style=\"text-align: center; width: 17.9454%;\">4<\/td>\n<\/tr>\n<tr>\n<td style=\"text-align: center; width: 13.8686%;\">MA260806<\/td>\n<td style=\"text-align: center; width: 22.2249%;\">Conectores instant\u00e1neos<\/td>\n<td style=\"text-align: center; width: 8.65568%;\">Cmatic<\/td>\n<td style=\"text-align: center; width: 18.3756%;\">Lat\u00f3n niquelado<\/td>\n<td style=\"text-align: center; width: 13.0986%;\">Uni\u00f3n recta<\/td>\n<td style=\"text-align: center; width: 10.9059%;\">8<\/td>\n<td style=\"text-align: center; width: 17.9454%;\">6<\/td>\n<\/tr>\n<tr>\n<td style=\"text-align: center; width: 13.8686%;\">MA260808<\/td>\n<td style=\"text-align: center; width: 22.2249%;\">Conectores instant\u00e1neos<\/td>\n<td style=\"text-align: center; width: 8.65568%;\">Cmatic<\/td>\n<td style=\"text-align: center; width: 18.3756%;\">Lat\u00f3n niquelado<\/td>\n<td style=\"text-align: center; width: 13.0986%;\">Uni\u00f3n recta<\/td>\n<td style=\"text-align: center; width: 10.9059%;\">8<\/td>\n<td style=\"text-align: center; width: 17.9454%;\">8<\/td>\n<\/tr>\n<tr>\n<td style=\"text-align: center; width: 13.8686%;\">MA261008<\/td>\n<td style=\"text-align: center; width: 22.2249%;\">Conectores instant\u00e1neos<\/td>\n<td style=\"text-align: center; width: 8.65568%;\">Cmatic<\/td>\n<td style=\"text-align: center; width: 18.3756%;\">Lat\u00f3n niquelado<\/td>\n<td style=\"text-align: center; width: 13.0986%;\">Uni\u00f3n recta<\/td>\n<td style=\"text-align: center; width: 10.9059%;\">10<\/td>\n<td style=\"text-align: center; width: 17.9454%;\">8<\/td>\n<\/tr>\n<tr>\n<td style=\"text-align: center; width: 13.8686%;\">MA261010<\/td>\n<td style=\"text-align: center; width: 22.2249%;\">Conectores instant\u00e1neos<\/td>\n<td style=\"text-align: center; width: 8.65568%;\">Cmatic<\/td>\n<td style=\"text-align: center; width: 18.3756%;\">Lat\u00f3n niquelado<\/td>\n<td style=\"text-align: center; width: 13.0986%;\">Uni\u00f3n recta<\/td>\n<td style=\"text-align: center; width: 10.9059%;\">10<\/td>\n<td style=\"text-align: center; width: 17.9454%;\">10<\/td>\n<\/tr>\n<tr>\n<td style=\"text-align: center; width: 13.8686%;\">MA261208<\/td>\n<td style=\"text-align: center; width: 22.2249%;\">Conectores instant\u00e1neos<\/td>\n<td style=\"text-align: center; width: 8.65568%;\">Cmatic<\/td>\n<td style=\"text-align: center; width: 18.3756%;\">Lat\u00f3n niquelado<\/td>\n<td style=\"text-align: center; width: 13.0986%;\">Uni\u00f3n recta<\/td>\n<td style=\"text-align: center; width: 10.9059%;\">12<\/td>\n<td style=\"text-align: center; width: 17.9454%;\">8<\/td>\n<\/tr>\n<tr>\n<td style=\"text-align: center; width: 13.8686%;\">MA261210<\/td>\n<td style=\"text-align: center; width: 22.2249%;\">Conectores instant\u00e1neos<\/td>\n<td style=\"text-align: center; width: 8.65568%;\">Cmatic<\/td>\n<td style=\"text-align: center; width: 18.3756%;\">Lat\u00f3n niquelado<\/td>\n<td style=\"text-align: center; width: 13.0986%;\">Uni\u00f3n recta<\/td>\n<td style=\"text-align: center; width: 10.9059%;\">12<\/td>\n<td style=\"text-align: center; width: 17.9454%;\">10<\/td>\n<\/tr>\n<tr>\n<td style=\"text-align: center; width: 13.8686%;\">MA261212<\/td>\n<td style=\"text-align: center; width: 22.2249%;\">Conectores instant\u00e1neos<\/td>\n<td style=\"text-align: center; width: 8.65568%;\">Cmatic<\/td>\n<td style=\"text-align: center; width: 18.3756%;\">Lat\u00f3n niquelado<\/td>\n<td style=\"text-align: center; width: 13.0986%;\">Uni\u00f3n recta<\/td>\n<td style=\"text-align: center; width: 10.9059%;\">12<\/td>\n<td style=\"text-align: center; width: 17.9454%;\">12<\/td>\n<\/tr>\n<tr>\n<td style=\"text-align: center; width: 13.8686%;\">MA261412<\/td>\n<td style=\"text-align: center; width: 22.2249%;\">Conectores instant\u00e1neos<\/td>\n<td style=\"text-align: center; width: 8.65568%;\">Cmatic<\/td>\n<td style=\"text-align: center; width: 18.3756%;\">Lat\u00f3n niquelado<\/td>\n<td style=\"text-align: center; width: 13.0986%;\">Uni\u00f3n recta<\/td>\n<td style=\"text-align: center; width: 10.9059%;\">14<\/td>\n<td style=\"text-align: center; width: 17.9454%;\">12<\/td>\n<\/tr>\n<tr>\n<td style=\"text-align: center; width: 13.8686%;\">MA261414<\/td>\n<td style=\"text-align: center; width: 22.2249%;\">Conectores instant\u00e1neos<\/td>\n<td style=\"text-align: center; width: 8.65568%;\">Cmatic<\/td>\n<td style=\"text-align: center; width: 18.3756%;\">Lat\u00f3n niquelado<\/td>\n<td style=\"text-align: center; width: 13.0986%;\">Uni\u00f3n recta<\/td>\n<td style=\"text-align: center; width: 10.9059%;\">14<\/td>\n<td style=\"text-align: center; width: 17.9454%;\">14<\/td>\n<\/tr>\n<tr>\n<td style=\"text-align: center; width: 13.8686%;\">MA261612<\/td>\n<td style=\"text-align: center; width: 22.2249%;\">Conectores instant\u00e1neos<\/td>\n<td style=\"text-align: center; width: 8.65568%;\">Cmatic<\/td>\n<td style=\"text-align: center; width: 18.3756%;\">Lat\u00f3n niquelado<\/td>\n<td style=\"text-align: center; width: 13.0986%;\">Uni\u00f3n recta<\/td>\n<td style=\"text-align: center; width: 10.9059%;\">16<\/td>\n<td style=\"text-align: center; width: 17.9454%;\">12<\/td>\n<\/tr>\n<tr>\n<td style=\"text-align: center; width: 13.8686%;\">MA261614<\/td>\n<td style=\"text-align: center; width: 22.2249%;\">Conectores instant\u00e1neos<\/td>\n<td style=\"text-align: center; width: 8.65568%;\">Cmatic<\/td>\n<td style=\"text-align: center; width: 18.3756%;\">Lat\u00f3n niquelado<\/td>\n<td style=\"text-align: center; width: 13.0986%;\">Uni\u00f3n recta<\/td>\n<td style=\"text-align: center; width: 10.9059%;\">16<\/td>\n<td style=\"text-align: center; width: 17.9454%;\">14<\/td>\n<\/tr>\n<tr>\n<td style=\"text-align: center; width: 13.8686%;\">MA261616<\/td>\n<td style=\"text-align: center; width: 22.2249%;\">Conectores instant\u00e1neos<\/td>\n<td style=\"text-align: center; width: 8.65568%;\">Cmatic<\/td>\n<td style=\"text-align: center; width: 18.3756%;\">Lat\u00f3n niquelado<\/td>\n<td style=\"text-align: center; width: 13.0986%;\">Uni\u00f3n recta<\/td>\n<td style=\"text-align: center; width: 10.9059%;\">16<\/td>\n<td style=\"text-align: center; width: 17.9454%;\">16<\/td>\n<\/tr>\n<\/tbody>\n<\/table>\n","protected":false},"excerpt":{"rendered":"<p>Conector Instant\u00e1neo para tuber\u00eda en mm.<br \/>\nPresentaci\u00f3n: uni\u00f3n recta; niquelado electrol\u00edtico<br \/>\nPresi\u00f3n: -0,99 a 20 bar<br \/>\nTemperatura: -20\u00baC a 80\u00baC<\/p>\n<p><span style=\"font-size: 120%;\"><strong>INFORMACI\u00d3N T\u00c9CNICA<br \/>\n<\/strong><\/span>&#8211; <a href=\"https:\/\/struke.com.pe\/tienda\/wp-content\/uploads\/2025\/01\/MA26.pdf\">Uni\u00f3n recta MA26<\/a><br \/>\n&#8211; <a href=\"https:\/\/www.datocms-assets.com\/86553\/1673866886-ma-line.pdf\">Cat\u00e1logo completo MA<\/a><\/p>\n","protected":false},"featured_media":1436,"template":"","meta":[],"pwb-brand":[18],"product_brand":[],"product_cat":[35,24],"product_tag":[],"class_list":{"0":"post-1425","1":"product","2":"type-product","3":"status-publish","4":"has-post-thumbnail","6":"pwb-brand-cmatic","7":"product_cat-conectores","8":"product_cat-conectores-instantaneos-para-tuberia-en-mm","10":"first","11":"instock","12":"sale","13":"taxable","14":"shipping-taxable","15":"purchasable","16":"product-type-variable"},"acf":[],"brands":[{"id":18,"name":"CMATIC Conectores, racores","slug":"cmatic"}],"_links":{"self":[{"href":"https:\/\/struke.com.pe\/tienda\/wp-json\/wp\/v2\/product\/1425","targetHints":{"allow":["GET"]}}],"collection":[{"href":"https:\/\/struke.com.pe\/tienda\/wp-json\/wp\/v2\/product"}],"about":[{"href":"https:\/\/struke.com.pe\/tienda\/wp-json\/wp\/v2\/types\/product"}],"wp:featuredmedia":[{"embeddable":true,"href":"https:\/\/struke.com.pe\/tienda\/wp-json\/wp\/v2\/media\/1436"}],"wp:attachment":[{"href":"https:\/\/struke.com.pe\/tienda\/wp-json\/wp\/v2\/media?parent=1425"}],"wp:term":[{"taxonomy":"pwb-brand","embeddable":true,"href":"https:\/\/struke.com.pe\/tienda\/wp-json\/wp\/v2\/pwb-brand?post=1425"},{"taxonomy":"product_brand","embeddable":true,"href":"https:\/\/struke.com.pe\/tienda\/wp-json\/wp\/v2\/product_brand?post=1425"},{"taxonomy":"product_cat","embeddable":true,"href":"https:\/\/struke.com.pe\/tienda\/wp-json\/wp\/v2\/product_cat?post=1425"},{"taxonomy":"product_tag","embeddable":true,"href":"https:\/\/struke.com.pe\/tienda\/wp-json\/wp\/v2\/product_tag?post=1425"}],"curies":[{"name":"wp","href":"https:\/\/api.w.org\/{rel}","templated":true}]}}