{"id":1492,"date":"2025-02-04T18:48:58","date_gmt":"2025-02-04T23:48:58","guid":{"rendered":"https:\/\/struke.com.pe\/tienda\/?post_type=product&#038;p=1492"},"modified":"2026-03-06T11:12:25","modified_gmt":"2026-03-06T16:12:25","slug":"cmatic-serie-ma-ma28","status":"publish","type":"product","link":"https:\/\/struke.com.pe\/tienda\/producto\/cmatic-serie-ma-ma28\/","title":{"rendered":"CMATIC Serie MA \u2013 MA28"},"content":{"rendered":"<table style=\"width: 51.6425%;\" width=\"817\">\n<tbody>\n<tr>\n<td style=\"text-align: center; width: 13.8686%;\" width=\"113\"><strong>C\u00f3digo<\/strong><\/td>\n<td style=\"text-align: center; width: 23.348%;\" width=\"162\"><strong>Categor\u00eda<\/strong><\/td>\n<td style=\"text-align: center; width: 9.93071%;\" width=\"49\"><strong>Marca<\/strong><\/td>\n<td style=\"text-align: center; width: 16.6631%;\" width=\"132\"><strong>Materiales<\/strong><\/td>\n<td style=\"text-align: center; width: 14.2441%;\" width=\"128\"><strong>Ejecuci\u00f3n<\/strong><\/td>\n<td style=\"text-align: center; width: 10.5612%;\" width=\"119\"><strong>Conexi\u00f3n 1 [mm]<\/strong><\/td>\n<td style=\"text-align: center; width: 10.2493%;\" width=\"114\"><strong>Conexi\u00f3n 2 [mm]<\/strong><\/td>\n<\/tr>\n<tr>\n<td style=\"text-align: center; width: 13.8686%;\">MA280303<\/td>\n<td style=\"text-align: center; width: 23.348%;\">Conectores instant\u00e1neos<\/td>\n<td style=\"text-align: center; width: 9.93071%;\">Cmatic<\/td>\n<td style=\"text-align: center; width: 16.6631%;\">Lat\u00f3n niquelado<\/td>\n<td style=\"text-align: center; width: 14.2441%;\">Uni\u00f3n en codo<\/td>\n<td style=\"text-align: center; width: 10.5612%;\">3<\/td>\n<td style=\"text-align: center; width: 10.2493%;\">3<\/td>\n<\/tr>\n<tr>\n<td style=\"text-align: center; width: 13.8686%;\">MA280404<\/td>\n<td style=\"text-align: center; width: 23.348%;\">Conectores instant\u00e1neos<\/td>\n<td style=\"text-align: center; width: 9.93071%;\">Cmatic<\/td>\n<td style=\"text-align: center; width: 16.6631%;\">Lat\u00f3n niquelado<\/td>\n<td style=\"text-align: center; width: 14.2441%;\">Uni\u00f3n en codo<\/td>\n<td style=\"text-align: center; width: 10.5612%;\">4<\/td>\n<td style=\"text-align: center; width: 10.2493%;\">4<\/td>\n<\/tr>\n<tr>\n<td style=\"text-align: center; width: 13.8686%;\">MA280606<\/td>\n<td style=\"text-align: center; width: 23.348%;\">Conectores instant\u00e1neos<\/td>\n<td style=\"text-align: center; width: 9.93071%;\">Cmatic<\/td>\n<td style=\"text-align: center; width: 16.6631%;\">Lat\u00f3n niquelado<\/td>\n<td style=\"text-align: center; width: 14.2441%;\">Uni\u00f3n en codo<\/td>\n<td style=\"text-align: center; width: 10.5612%;\">6<\/td>\n<td style=\"text-align: center; width: 10.2493%;\">6<\/td>\n<\/tr>\n<tr>\n<td style=\"text-align: center; width: 13.8686%;\">MA280808<\/td>\n<td style=\"text-align: center; width: 23.348%;\">Conectores instant\u00e1neos<\/td>\n<td style=\"text-align: center; width: 9.93071%;\">Cmatic<\/td>\n<td style=\"text-align: center; width: 16.6631%;\">Lat\u00f3n niquelado<\/td>\n<td style=\"text-align: center; width: 14.2441%;\">Uni\u00f3n en codo<\/td>\n<td style=\"text-align: center; width: 10.5612%;\">8<\/td>\n<td style=\"text-align: center; width: 10.2493%;\">8<\/td>\n<\/tr>\n<tr>\n<td style=\"text-align: center; width: 13.8686%;\">MA281010<\/td>\n<td style=\"text-align: center; width: 23.348%;\">Conectores instant\u00e1neos<\/td>\n<td style=\"text-align: center; width: 9.93071%;\">Cmatic<\/td>\n<td style=\"text-align: center; width: 16.6631%;\">Lat\u00f3n niquelado<\/td>\n<td style=\"text-align: center; width: 14.2441%;\">Uni\u00f3n en codo<\/td>\n<td style=\"text-align: center; width: 10.5612%;\">10<\/td>\n<td style=\"text-align: center; width: 10.2493%;\">10<\/td>\n<\/tr>\n<tr>\n<td style=\"text-align: center; width: 13.8686%;\">MA281212<\/td>\n<td style=\"text-align: center; width: 23.348%;\">Conectores instant\u00e1neos<\/td>\n<td style=\"text-align: center; width: 9.93071%;\">Cmatic<\/td>\n<td style=\"text-align: center; width: 16.6631%;\">Lat\u00f3n niquelado<\/td>\n<td style=\"text-align: center; width: 14.2441%;\">Uni\u00f3n en codo<\/td>\n<td style=\"text-align: center; width: 10.5612%;\">12<\/td>\n<td style=\"text-align: center; width: 10.2493%;\">12<\/td>\n<\/tr>\n<tr>\n<td style=\"text-align: center; width: 13.8686%;\">MA281414<\/td>\n<td style=\"text-align: center; width: 23.348%;\">Conectores instant\u00e1neos<\/td>\n<td style=\"text-align: center; width: 9.93071%;\">Cmatic<\/td>\n<td style=\"text-align: center; width: 16.6631%;\">Lat\u00f3n niquelado<\/td>\n<td style=\"text-align: center; width: 14.2441%;\">Uni\u00f3n en codo<\/td>\n<td style=\"text-align: center; width: 10.5612%;\">14<\/td>\n<td style=\"text-align: center; width: 10.2493%;\">14<\/td>\n<\/tr>\n<tr>\n<td style=\"text-align: center; width: 13.8686%;\">MA281616<\/td>\n<td style=\"text-align: center; width: 23.348%;\">Conectores instant\u00e1neos<\/td>\n<td style=\"text-align: center; width: 9.93071%;\">Cmatic<\/td>\n<td style=\"text-align: center; width: 16.6631%;\">Lat\u00f3n niquelado<\/td>\n<td style=\"text-align: center; width: 14.2441%;\">Uni\u00f3n en codo<\/td>\n<td style=\"text-align: center; width: 10.5612%;\">16<\/td>\n<td style=\"text-align: center; width: 10.2493%;\">16<\/td>\n<\/tr>\n<\/tbody>\n<\/table>\n","protected":false},"excerpt":{"rendered":"<p>Conector Instant\u00e1neo para tuber\u00eda en mm.<br \/>\nPresentaci\u00f3n: uni\u00f3n en codo; niquelado electrol\u00edtico<br \/>\nPresi\u00f3n: -0,99 a 20 bar<br \/>\nTemperatura: -20\u00baC a 80\u00baC<\/p>\n<p><span style=\"font-size: 120%;\"><strong>INFORMACI\u00d3N T\u00c9CNICA<br \/>\n<\/strong><\/span>&#8211; <a href=\"https:\/\/struke.com.pe\/tienda\/wp-content\/uploads\/2025\/01\/MA28.pdf\">Racor en codo MA28<\/a><br \/>\n&#8211; <a href=\"https:\/\/www.datocms-assets.com\/86553\/1673866886-ma-line.pdf\">Cat\u00e1logo completo MA<\/a><\/p>\n","protected":false},"featured_media":1509,"template":"","meta":[],"pwb-brand":[18],"product_brand":[],"product_cat":[35,24],"product_tag":[],"class_list":{"0":"post-1492","1":"product","2":"type-product","3":"status-publish","4":"has-post-thumbnail","6":"pwb-brand-cmatic","7":"product_cat-conectores","8":"product_cat-conectores-instantaneos-para-tuberia-en-mm","10":"first","11":"instock","12":"sale","13":"taxable","14":"shipping-taxable","15":"purchasable","16":"product-type-variable"},"acf":[],"brands":[{"id":18,"name":"CMATIC Conectores, racores","slug":"cmatic"}],"_links":{"self":[{"href":"https:\/\/struke.com.pe\/tienda\/wp-json\/wp\/v2\/product\/1492","targetHints":{"allow":["GET"]}}],"collection":[{"href":"https:\/\/struke.com.pe\/tienda\/wp-json\/wp\/v2\/product"}],"about":[{"href":"https:\/\/struke.com.pe\/tienda\/wp-json\/wp\/v2\/types\/product"}],"wp:featuredmedia":[{"embeddable":true,"href":"https:\/\/struke.com.pe\/tienda\/wp-json\/wp\/v2\/media\/1509"}],"wp:attachment":[{"href":"https:\/\/struke.com.pe\/tienda\/wp-json\/wp\/v2\/media?parent=1492"}],"wp:term":[{"taxonomy":"pwb-brand","embeddable":true,"href":"https:\/\/struke.com.pe\/tienda\/wp-json\/wp\/v2\/pwb-brand?post=1492"},{"taxonomy":"product_brand","embeddable":true,"href":"https:\/\/struke.com.pe\/tienda\/wp-json\/wp\/v2\/product_brand?post=1492"},{"taxonomy":"product_cat","embeddable":true,"href":"https:\/\/struke.com.pe\/tienda\/wp-json\/wp\/v2\/product_cat?post=1492"},{"taxonomy":"product_tag","embeddable":true,"href":"https:\/\/struke.com.pe\/tienda\/wp-json\/wp\/v2\/product_tag?post=1492"}],"curies":[{"name":"wp","href":"https:\/\/api.w.org\/{rel}","templated":true}]}}