{"id":1616,"date":"2025-02-05T16:14:51","date_gmt":"2025-02-05T21:14:51","guid":{"rendered":"https:\/\/struke.com.pe\/tienda\/?post_type=product&#038;p=1616"},"modified":"2026-01-06T12:42:14","modified_gmt":"2026-01-06T17:42:14","slug":"cmatic-serie-ma-ma39","status":"publish","type":"product","link":"https:\/\/struke.com.pe\/tienda\/producto\/cmatic-serie-ma-ma39\/","title":{"rendered":"CMATIC Serie MA \u2013 MA39"},"content":{"rendered":"<table style=\"width: 49.5569%;\" width=\"829\">\n<tbody>\n<tr>\n<td style=\"text-align: center; width: 13.6253%;\" width=\"113\"><strong>C\u00f3digo<\/strong><\/td>\n<td style=\"text-align: center; width: 22.2708%;\" width=\"162\"><strong>Categor\u00eda<\/strong><\/td>\n<td style=\"text-align: center; width: 7.16582%;\" width=\"61\"><strong>Marca<\/strong><\/td>\n<td style=\"text-align: center; width: 15.9367%;\" width=\"132\"><strong>Materiales<\/strong><\/td>\n<td style=\"text-align: center; width: 12.8991%;\" width=\"128\"><strong>Ejecuci\u00f3n<\/strong><\/td>\n<td style=\"text-align: center; width: 12.0438%;\" width=\"119\"><strong>Conexi\u00f3n 1 [mm]<\/strong><\/td>\n<td style=\"text-align: center; width: 12.1368%;\" width=\"114\"><strong>Conexi\u00f3n 2 [mm]<\/strong><\/td>\n<\/tr>\n<tr>\n<td style=\"text-align: center; width: 13.6253%;\">\n<table>\n<tbody>\n<tr>\n<td width=\"113\">MA390004<\/td>\n<\/tr>\n<\/tbody>\n<\/table>\n<\/td>\n<td style=\"text-align: center; width: 22.2708%;\">Conectores instant\u00e1neos<\/td>\n<td style=\"text-align: center; width: 7.16582%;\">Cmatic<\/td>\n<td style=\"text-align: center; width: 15.9367%;\">Lat\u00f3n niquelado<\/td>\n<td style=\"text-align: center; width: 12.8991%;\">Extensi\u00f3n<\/td>\n<td style=\"text-align: center; width: 12.0438%;\">4<\/td>\n<td style=\"text-align: center; width: 12.1368%;\">4<\/td>\n<\/tr>\n<tr>\n<td style=\"text-align: center; width: 13.6253%;\">MA390006<\/td>\n<td style=\"text-align: center; width: 22.2708%;\">Conectores instant\u00e1neos<\/td>\n<td style=\"text-align: center; width: 7.16582%;\">Cmatic<\/td>\n<td style=\"text-align: center; width: 15.9367%;\">Lat\u00f3n niquelado<\/td>\n<td style=\"text-align: center; width: 12.8991%;\">Extensi\u00f3n<\/td>\n<td style=\"text-align: center; width: 12.0438%;\">6<\/td>\n<td style=\"text-align: center; width: 12.1368%;\">6<\/td>\n<\/tr>\n<tr>\n<td style=\"text-align: center; width: 13.6253%;\">MA390008<\/td>\n<td style=\"text-align: center; width: 22.2708%;\">Conectores instant\u00e1neos<\/td>\n<td style=\"text-align: center; width: 7.16582%;\">Cmatic<\/td>\n<td style=\"text-align: center; width: 15.9367%;\">Lat\u00f3n niquelado<\/td>\n<td style=\"text-align: center; width: 12.8991%;\">Extensi\u00f3n<\/td>\n<td style=\"text-align: center; width: 12.0438%;\">8<\/td>\n<td style=\"text-align: center; width: 12.1368%;\">8<\/td>\n<\/tr>\n<tr>\n<td style=\"text-align: center; width: 13.6253%;\">MA390010<\/td>\n<td style=\"text-align: center; width: 22.2708%;\">Conectores instant\u00e1neos<\/td>\n<td style=\"text-align: center; width: 7.16582%;\">Cmatic<\/td>\n<td style=\"text-align: center; width: 15.9367%;\">Lat\u00f3n niquelado<\/td>\n<td style=\"text-align: center; width: 12.8991%;\">Extensi\u00f3n<\/td>\n<td style=\"text-align: center; width: 12.0438%;\">10<\/td>\n<td style=\"text-align: center; width: 12.1368%;\">10<\/td>\n<\/tr>\n<tr>\n<td style=\"text-align: center; width: 13.6253%;\">MA390012<\/td>\n<td style=\"text-align: center; width: 22.2708%;\">Conectores instant\u00e1neos<\/td>\n<td style=\"text-align: center; width: 7.16582%;\">Cmatic<\/td>\n<td style=\"text-align: center; width: 15.9367%;\">Lat\u00f3n niquelado<\/td>\n<td style=\"text-align: center; width: 12.8991%;\">Extensi\u00f3n<\/td>\n<td style=\"text-align: center; width: 12.0438%;\">12<\/td>\n<td style=\"text-align: center; width: 12.1368%;\">12<\/td>\n<\/tr>\n<tr>\n<td style=\"text-align: center; width: 13.6253%;\">MA390014<\/td>\n<td style=\"text-align: center; width: 22.2708%;\">Conectores instant\u00e1neos<\/td>\n<td style=\"text-align: center; width: 7.16582%;\">Cmatic<\/td>\n<td style=\"text-align: center; width: 15.9367%;\">Lat\u00f3n niquelado<\/td>\n<td style=\"text-align: center; width: 12.8991%;\">Extensi\u00f3n<\/td>\n<td style=\"text-align: center; width: 12.0438%;\">14<\/td>\n<td style=\"text-align: center; width: 12.1368%;\">14<\/td>\n<\/tr>\n<\/tbody>\n<\/table>\n","protected":false},"excerpt":{"rendered":"<p>Conector Instant\u00e1neo para tuber\u00eda en mm.<br \/>\nPresentaci\u00f3n: extensi\u00f3n para conector; niquelado electrol\u00edtico<br \/>\nPresi\u00f3n: -0,99 a 18 bar<br \/>\nTemperatura: -20\u00baC a 70\u00baC<\/p>\n<p><span style=\"font-size: 120%;\"><strong>INFORMACI\u00d3N T\u00c9CNICA<br \/>\n<\/strong><\/span>&#8211; <a href=\"https:\/\/struke.com.pe\/tienda\/wp-content\/uploads\/2025\/01\/MA39.pdf\">Uni\u00f3n en \u00abT\u00bb MA39<\/a><br \/>\n&#8211; <a href=\"https:\/\/www.datocms-assets.com\/86553\/1673866886-ma-line.pdf\">Cat\u00e1logo completo MA<\/a><\/p>\n","protected":false},"featured_media":1626,"template":"","meta":[],"pwb-brand":[18],"product_brand":[],"product_cat":[35,24],"product_tag":[],"class_list":{"0":"post-1616","1":"product","2":"type-product","3":"status-publish","4":"has-post-thumbnail","6":"pwb-brand-cmatic","7":"product_cat-conectores","8":"product_cat-conectores-instantaneos-para-tuberia-en-mm","10":"first","11":"instock","12":"sale","13":"taxable","14":"shipping-taxable","15":"purchasable","16":"product-type-variable"},"acf":[],"brands":[{"id":18,"name":"CMATIC Conectores, racores","slug":"cmatic"}],"_links":{"self":[{"href":"https:\/\/struke.com.pe\/tienda\/wp-json\/wp\/v2\/product\/1616","targetHints":{"allow":["GET"]}}],"collection":[{"href":"https:\/\/struke.com.pe\/tienda\/wp-json\/wp\/v2\/product"}],"about":[{"href":"https:\/\/struke.com.pe\/tienda\/wp-json\/wp\/v2\/types\/product"}],"wp:featuredmedia":[{"embeddable":true,"href":"https:\/\/struke.com.pe\/tienda\/wp-json\/wp\/v2\/media\/1626"}],"wp:attachment":[{"href":"https:\/\/struke.com.pe\/tienda\/wp-json\/wp\/v2\/media?parent=1616"}],"wp:term":[{"taxonomy":"pwb-brand","embeddable":true,"href":"https:\/\/struke.com.pe\/tienda\/wp-json\/wp\/v2\/pwb-brand?post=1616"},{"taxonomy":"product_brand","embeddable":true,"href":"https:\/\/struke.com.pe\/tienda\/wp-json\/wp\/v2\/product_brand?post=1616"},{"taxonomy":"product_cat","embeddable":true,"href":"https:\/\/struke.com.pe\/tienda\/wp-json\/wp\/v2\/product_cat?post=1616"},{"taxonomy":"product_tag","embeddable":true,"href":"https:\/\/struke.com.pe\/tienda\/wp-json\/wp\/v2\/product_tag?post=1616"}],"curies":[{"name":"wp","href":"https:\/\/api.w.org\/{rel}","templated":true}]}}