{"id":2301,"date":"2025-02-09T16:26:05","date_gmt":"2025-02-09T21:26:05","guid":{"rendered":"https:\/\/struke.com.pe\/tienda\/?post_type=product&#038;p=2301"},"modified":"2026-01-14T17:34:54","modified_gmt":"2026-01-14T22:34:54","slug":"cmatic-serie-mp-mp28","status":"publish","type":"product","link":"https:\/\/struke.com.pe\/tienda\/producto\/cmatic-serie-mp-mp28\/","title":{"rendered":"CMATIC Serie MP \u2013 MP28"},"content":{"rendered":"<table style=\"width: 46.7057%;\" width=\"721\">\n<tbody>\n<tr>\n<td style=\"text-align: center; width: 13.0556%;\" width=\"94\"><strong>C\u00f3digo<\/strong><\/td>\n<td style=\"text-align: center; width: 22.3611%;\" width=\"162\"><strong>Categor\u00eda<\/strong><\/td>\n<td style=\"text-align: center; width: 9.70579%;\" width=\"49\"><strong>Marca<\/strong><\/td>\n<td style=\"text-align: center; width: 17.7304%;\" width=\"132\"><strong>Materiales<\/strong><\/td>\n<td style=\"text-align: center; width: 15.7582%;\" width=\"132\"><strong>Ejecuci\u00f3n<\/strong><\/td>\n<td style=\"text-align: center; width: 10.5556%;\" width=\"76\"><strong>Conexi\u00f3n 1 [mm]<\/strong><\/td>\n<td style=\"text-align: center; width: 30.5556%;\" width=\"76\"><strong>Conexi\u00f3n 2 [mm]<\/strong><\/td>\n<\/tr>\n<tr>\n<td style=\"text-align: center; width: 13.0556%;\">MP280404<\/td>\n<td style=\"text-align: center; width: 22.3611%;\">Conectores instant\u00e1neos<\/td>\n<td style=\"text-align: center; width: 9.70579%;\">Cmatic<\/td>\n<td style=\"text-align: center; width: 17.7304%;\">Lat\u00f3n niquelado<\/td>\n<td style=\"text-align: center; width: 15.7582%;\">Uni\u00f3n en codo<\/td>\n<td style=\"text-align: center; width: 10.5556%;\">4<\/td>\n<td style=\"text-align: center; width: 30.5556%;\">4<\/td>\n<\/tr>\n<tr>\n<td style=\"text-align: center; width: 13.0556%;\">MP280606<\/td>\n<td style=\"text-align: center; width: 22.3611%;\">Conectores instant\u00e1neos<\/td>\n<td style=\"text-align: center; width: 9.70579%;\">Cmatic<\/td>\n<td style=\"text-align: center; width: 17.7304%;\">Lat\u00f3n niquelado<\/td>\n<td style=\"text-align: center; width: 15.7582%;\">Uni\u00f3n en codo<\/td>\n<td style=\"text-align: center; width: 10.5556%;\">6<\/td>\n<td style=\"text-align: center; width: 30.5556%;\">6<\/td>\n<\/tr>\n<tr>\n<td style=\"text-align: center; width: 13.0556%;\">MP280808<\/td>\n<td style=\"text-align: center; width: 22.3611%;\">Conectores instant\u00e1neos<\/td>\n<td style=\"text-align: center; width: 9.70579%;\">Cmatic<\/td>\n<td style=\"text-align: center; width: 17.7304%;\">Lat\u00f3n niquelado<\/td>\n<td style=\"text-align: center; width: 15.7582%;\">Uni\u00f3n en codo<\/td>\n<td style=\"text-align: center; width: 10.5556%;\">8<\/td>\n<td style=\"text-align: center; width: 30.5556%;\">8<\/td>\n<\/tr>\n<\/tbody>\n<\/table>\n","protected":false},"excerpt":{"rendered":"<p>Conector Instant\u00e1neo para tuber\u00eda en mm<br \/>\nPresentaci\u00f3n: uni\u00f3n en codo; niquelado electrol\u00edtico<br \/>\nUso: para aceite y grasas, lubricaci\u00f3n<br \/>\nPresi\u00f3n: m\u00e1x. 80 bar<br \/>\nTemperatura: -20\u00baC a 80\u00baC<\/p>\n<p><span style=\"font-size: 120%;\"><strong>INFORMACI\u00d3N T\u00c9CNICA<br \/>\n<\/strong><\/span>&#8211; <a href=\"https:\/\/struke.com.pe\/tienda\/wp-content\/uploads\/2025\/02\/MP28.pdf\">Uni\u00f3n en codo 80 bar MP28<\/a><br \/>\n&#8211; <a href=\"https:\/\/www.datocms-assets.com\/86553\/1673867974-mp-line.pdf\">Cat\u00e1logo completo MP<\/a><\/p>\n","protected":false},"featured_media":2305,"template":"","meta":[],"pwb-brand":[18],"product_brand":[],"product_cat":[35,24,26],"product_tag":[],"class_list":{"0":"post-2301","1":"product","2":"type-product","3":"status-publish","4":"has-post-thumbnail","6":"pwb-brand-cmatic","7":"product_cat-conectores","8":"product_cat-conectores-instantaneos-para-tuberia-en-mm","9":"product_cat-conectores-para-lubricacion-en-mm","11":"first","12":"instock","13":"sale","14":"taxable","15":"shipping-taxable","16":"purchasable","17":"product-type-variable"},"acf":[],"brands":[{"id":18,"name":"CMATIC Conectores, racores","slug":"cmatic"}],"_links":{"self":[{"href":"https:\/\/struke.com.pe\/tienda\/wp-json\/wp\/v2\/product\/2301","targetHints":{"allow":["GET"]}}],"collection":[{"href":"https:\/\/struke.com.pe\/tienda\/wp-json\/wp\/v2\/product"}],"about":[{"href":"https:\/\/struke.com.pe\/tienda\/wp-json\/wp\/v2\/types\/product"}],"wp:featuredmedia":[{"embeddable":true,"href":"https:\/\/struke.com.pe\/tienda\/wp-json\/wp\/v2\/media\/2305"}],"wp:attachment":[{"href":"https:\/\/struke.com.pe\/tienda\/wp-json\/wp\/v2\/media?parent=2301"}],"wp:term":[{"taxonomy":"pwb-brand","embeddable":true,"href":"https:\/\/struke.com.pe\/tienda\/wp-json\/wp\/v2\/pwb-brand?post=2301"},{"taxonomy":"product_brand","embeddable":true,"href":"https:\/\/struke.com.pe\/tienda\/wp-json\/wp\/v2\/product_brand?post=2301"},{"taxonomy":"product_cat","embeddable":true,"href":"https:\/\/struke.com.pe\/tienda\/wp-json\/wp\/v2\/product_cat?post=2301"},{"taxonomy":"product_tag","embeddable":true,"href":"https:\/\/struke.com.pe\/tienda\/wp-json\/wp\/v2\/product_tag?post=2301"}],"curies":[{"name":"wp","href":"https:\/\/api.w.org\/{rel}","templated":true}]}}