{"id":2394,"date":"2025-02-09T18:35:11","date_gmt":"2025-02-09T23:35:11","guid":{"rendered":"https:\/\/struke.com.pe\/tienda\/?post_type=product&#038;p=2394"},"modified":"2026-03-25T12:52:12","modified_gmt":"2026-03-25T17:52:12","slug":"cmatic-serie-mv11-mv11-ve","status":"publish","type":"product","link":"https:\/\/struke.com.pe\/tienda\/producto\/cmatic-serie-mv11-mv11-ve\/","title":{"rendered":"CMATIC Serie MV \u2013 MV11-VE"},"content":{"rendered":"<table style=\"width: 41.8872%;\" width=\"686\">\n<tbody>\n<tr>\n<td style=\"text-align: center; width: 15.3322%;\" width=\"95\"><strong>C\u00f3digo<\/strong><\/td>\n<td style=\"text-align: center; width: 22.1495%;\" width=\"162\"><strong>Categor\u00eda<\/strong><\/td>\n<td style=\"text-align: center; width: 8.98536%;\" width=\"49\"><strong>Marca<\/strong><\/td>\n<td style=\"text-align: center; width: 21.8968%;\" width=\"132\"><strong>Materiales<\/strong><\/td>\n<td style=\"text-align: center; width: 20.3624%;\" width=\"172\"><strong>Ejecuci\u00f3n<\/strong><\/td>\n<td style=\"text-align: center; width: 24.8902%;\" width=\"76\"><strong>Conexi\u00f3n<\/strong><\/td>\n<\/tr>\n<tr>\n<td style=\"text-align: center; width: 15.3322%;\">MV110018-VE<\/td>\n<td style=\"text-align: center; width: 22.1495%;\">Reguladores de escape<\/td>\n<td style=\"text-align: center; width: 8.98536%;\">Cmatic<\/td>\n<td style=\"text-align: center; width: 21.8968%;\">Bronce sinterizado<\/td>\n<td style=\"text-align: center; width: 20.3624%;\">Recto macho<\/td>\n<td style=\"text-align: center; width: 24.8902%;\">G1\/8&#8243;<\/td>\n<\/tr>\n<tr>\n<td style=\"text-align: center; width: 15.3322%;\">MV110014-VE<\/td>\n<td style=\"text-align: center; width: 22.1495%;\">Reguladores de escape<\/td>\n<td style=\"text-align: center; width: 8.98536%;\">Cmatic<\/td>\n<td style=\"text-align: center; width: 21.8968%;\">Bronce sinterizado<\/td>\n<td style=\"text-align: center; width: 20.3624%;\">Recto macho<\/td>\n<td style=\"text-align: center; width: 24.8902%;\">G1\/4&#8243;<\/td>\n<\/tr>\n<tr>\n<td style=\"text-align: center; width: 15.3322%;\">MV110038-VE<\/td>\n<td style=\"text-align: center; width: 22.1495%;\">Reguladores de escape<\/td>\n<td style=\"text-align: center; width: 8.98536%;\">Cmatic<\/td>\n<td style=\"text-align: center; width: 21.8968%;\">Bronce sinterizado<\/td>\n<td style=\"text-align: center; width: 20.3624%;\">Recto macho<\/td>\n<td style=\"text-align: center; width: 24.8902%;\">G3\/8&#8243;<\/td>\n<\/tr>\n<tr>\n<td style=\"text-align: center; width: 15.3322%;\">MV110012-VE<\/td>\n<td style=\"text-align: center; width: 22.1495%;\">Reguladores de escape<\/td>\n<td style=\"text-align: center; width: 8.98536%;\">Cmatic<\/td>\n<td style=\"text-align: center; width: 21.8968%;\">Bronce sinterizado<\/td>\n<td style=\"text-align: center; width: 20.3624%;\">Recto macho<\/td>\n<td style=\"text-align: center; width: 24.8902%;\">G1\/2&#8243;<\/td>\n<\/tr>\n<\/tbody>\n<\/table>\n<p>&nbsp;<\/p>\n","protected":false},"excerpt":{"rendered":"<p>Regulador de escape con silenciador<br \/>\nPresentaci\u00f3n: recto macho; regulaci\u00f3n manual, lat\u00f3n \/ bronce sinterizado<br \/>\nUso: regulaci\u00f3n de velocidad, reducci\u00f3n de ruido<br \/>\nPresi\u00f3n: 0 a 12 bar<br \/>\nTemperatura: -10\u00baC a 70\u00baC<\/p>\n<p><span style=\"font-size: 120%;\"><strong>INFORMACI\u00d3N T\u00c9CNICA<br \/>\n<\/strong><\/span>&#8211; <a href=\"https:\/\/struke.com.pe\/tienda\/wp-content\/uploads\/2025\/02\/MV11-VE.pdf\">Regulador de escape con silenciador MV11-VE<\/a><br \/>\n&#8211; <a href=\"https:\/\/www.datocms-assets.com\/86553\/1713441400-mv-line.pdf\">Cat\u00e1logo completo MV<\/a><\/p>\n<p>&nbsp;<\/p>\n","protected":false},"featured_media":2399,"template":"","meta":[],"pwb-brand":[18],"product_brand":[],"product_cat":[35,45,43,44],"product_tag":[],"class_list":{"0":"post-2394","1":"product","2":"type-product","3":"status-publish","4":"has-post-thumbnail","6":"pwb-brand-cmatic","7":"product_cat-conectores","8":"product_cat-reguladores-de-escape","9":"product_cat-silenciadores-conectores","10":"product_cat-valvulas","12":"first","13":"instock","14":"sale","15":"taxable","16":"shipping-taxable","17":"purchasable","18":"product-type-variable"},"acf":[],"brands":[{"id":18,"name":"CMATIC Conectores, racores","slug":"cmatic"}],"_links":{"self":[{"href":"https:\/\/struke.com.pe\/tienda\/wp-json\/wp\/v2\/product\/2394","targetHints":{"allow":["GET"]}}],"collection":[{"href":"https:\/\/struke.com.pe\/tienda\/wp-json\/wp\/v2\/product"}],"about":[{"href":"https:\/\/struke.com.pe\/tienda\/wp-json\/wp\/v2\/types\/product"}],"wp:featuredmedia":[{"embeddable":true,"href":"https:\/\/struke.com.pe\/tienda\/wp-json\/wp\/v2\/media\/2399"}],"wp:attachment":[{"href":"https:\/\/struke.com.pe\/tienda\/wp-json\/wp\/v2\/media?parent=2394"}],"wp:term":[{"taxonomy":"pwb-brand","embeddable":true,"href":"https:\/\/struke.com.pe\/tienda\/wp-json\/wp\/v2\/pwb-brand?post=2394"},{"taxonomy":"product_brand","embeddable":true,"href":"https:\/\/struke.com.pe\/tienda\/wp-json\/wp\/v2\/product_brand?post=2394"},{"taxonomy":"product_cat","embeddable":true,"href":"https:\/\/struke.com.pe\/tienda\/wp-json\/wp\/v2\/product_cat?post=2394"},{"taxonomy":"product_tag","embeddable":true,"href":"https:\/\/struke.com.pe\/tienda\/wp-json\/wp\/v2\/product_tag?post=2394"}],"curies":[{"name":"wp","href":"https:\/\/api.w.org\/{rel}","templated":true}]}}