{"id":2404,"date":"2025-02-09T18:46:27","date_gmt":"2025-02-09T23:46:27","guid":{"rendered":"https:\/\/struke.com.pe\/tienda\/?post_type=product&#038;p=2404"},"modified":"2026-02-08T18:56:50","modified_gmt":"2026-02-08T23:56:50","slug":"cmatic-serie-mv-mv14","status":"publish","type":"product","link":"https:\/\/struke.com.pe\/tienda\/producto\/cmatic-serie-mv-mv14\/","title":{"rendered":"CMATIC Serie MV \u2013 MV14"},"content":{"rendered":"<table style=\"width: 38.7597%; height: 125px;\" width=\"686\">\n<tbody>\n<tr style=\"height: 25px;\">\n<td style=\"text-align: center; width: 13.9092%; height: 25px;\" width=\"95\"><strong>C\u00f3digo<\/strong><\/td>\n<td style=\"text-align: center; width: 25.6704%; height: 25px;\" width=\"162\"><strong>Categor\u00eda<\/strong><\/td>\n<td style=\"text-align: center; width: 10.8106%; height: 25px;\" width=\"49\"><strong>Marca<\/strong><\/td>\n<td style=\"text-align: center; width: 19.5996%; height: 25px;\" width=\"132\"><strong>Materiales<\/strong><\/td>\n<td style=\"text-align: center; width: 18.7364%; height: 25px;\" width=\"172\"><strong>Ejecuci\u00f3n<\/strong><\/td>\n<td style=\"text-align: center; width: 16.3982%; height: 25px;\" width=\"76\"><strong>Conexi\u00f3n<\/strong><\/td>\n<\/tr>\n<tr style=\"height: 25px;\">\n<td style=\"text-align: center; width: 13.9092%; height: 25px;\">MV1400M5B<\/td>\n<td style=\"text-align: center; width: 25.6704%; height: 25px;\">Reguladores de escape<\/td>\n<td style=\"text-align: center; width: 10.8106%; height: 25px;\">Cmatic<\/td>\n<td style=\"text-align: center; width: 19.5996%; height: 25px;\">Bronce sinterizado<\/td>\n<td style=\"text-align: center; width: 18.7364%; height: 25px;\">Recto macho<\/td>\n<td style=\"text-align: center; width: 16.3982%; height: 25px;\">M5<\/td>\n<\/tr>\n<tr style=\"height: 25px;\">\n<td style=\"text-align: center; width: 13.9092%; height: 25px;\">MV140018B<\/td>\n<td style=\"text-align: center; width: 25.6704%; height: 25px;\">Reguladores de escape<\/td>\n<td style=\"text-align: center; width: 10.8106%; height: 25px;\">Cmatic<\/td>\n<td style=\"text-align: center; width: 19.5996%; height: 25px;\">Bronce sinterizado<\/td>\n<td style=\"text-align: center; width: 18.7364%; height: 25px;\">Recto macho<\/td>\n<td style=\"text-align: center; width: 16.3982%; height: 25px;\">G1\/8&#8243;<\/td>\n<\/tr>\n<tr style=\"height: 25px;\">\n<td style=\"text-align: center; width: 13.9092%; height: 25px;\">MV140014B<\/td>\n<td style=\"text-align: center; width: 25.6704%; height: 25px;\">Reguladores de escape<\/td>\n<td style=\"text-align: center; width: 10.8106%; height: 25px;\">Cmatic<\/td>\n<td style=\"text-align: center; width: 19.5996%; height: 25px;\">Bronce sinterizado<\/td>\n<td style=\"text-align: center; width: 18.7364%; height: 25px;\">Recto macho<\/td>\n<td style=\"text-align: center; width: 16.3982%; height: 25px;\">G1\/4&#8243;<\/td>\n<\/tr>\n<tr style=\"height: 25px;\">\n<td style=\"text-align: center; width: 13.9092%; height: 25px;\">MV140038B<\/td>\n<td style=\"text-align: center; width: 25.6704%; height: 25px;\">Reguladores de escape<\/td>\n<td style=\"text-align: center; width: 10.8106%; height: 25px;\">Cmatic<\/td>\n<td style=\"text-align: center; width: 19.5996%; height: 25px;\">Bronce sinterizado<\/td>\n<td style=\"text-align: center; width: 18.7364%; height: 25px;\">Recto macho<\/td>\n<td style=\"text-align: center; width: 16.3982%; height: 25px;\">G3\/8&#8243;<\/td>\n<\/tr>\n<\/tbody>\n<\/table>\n","protected":false},"excerpt":{"rendered":"<p>Regulador de escape con silenciador<br \/>\nPresentaci\u00f3n: recto macho; regulaci\u00f3n con perillero, lat\u00f3n niquelado \/ bronce sinterizado<br \/>\nRosca: tipo G (BSPP); con o-ring<br \/>\nUso: regulaci\u00f3n de velocidad, reducci\u00f3n de ruido<br \/>\nPresi\u00f3n: 0 a 10 bar<br \/>\nTemperatura: -10\u00baC a 70\u00baC<\/p>\n<p><span style=\"font-size: 120%;\"><strong>INFORMACI\u00d3N T\u00c9CNICA<br \/>\n<\/strong><\/span>&#8211; <a href=\"https:\/\/struke.com.pe\/tienda\/wp-content\/uploads\/2025\/02\/MV14.pdf\">Regulador de escape con silenciador MV14<\/a><br \/>\n&#8211; <a href=\"https:\/\/www.datocms-assets.com\/86553\/1713441400-mv-line.pdf\">Cat\u00e1logo completo MV<\/a><\/p>\n<p>&nbsp;<\/p>\n","protected":false},"featured_media":3796,"template":"","meta":[],"pwb-brand":[18],"product_brand":[],"product_cat":[35,45,43,44],"product_tag":[],"class_list":{"0":"post-2404","1":"product","2":"type-product","3":"status-publish","4":"has-post-thumbnail","6":"pwb-brand-cmatic","7":"product_cat-conectores","8":"product_cat-reguladores-de-escape","9":"product_cat-silenciadores-conectores","10":"product_cat-valvulas","12":"first","13":"instock","14":"sale","15":"taxable","16":"shipping-taxable","17":"purchasable","18":"product-type-variable"},"acf":[],"brands":[{"id":18,"name":"CMATIC Conectores, racores","slug":"cmatic"}],"_links":{"self":[{"href":"https:\/\/struke.com.pe\/tienda\/wp-json\/wp\/v2\/product\/2404","targetHints":{"allow":["GET"]}}],"collection":[{"href":"https:\/\/struke.com.pe\/tienda\/wp-json\/wp\/v2\/product"}],"about":[{"href":"https:\/\/struke.com.pe\/tienda\/wp-json\/wp\/v2\/types\/product"}],"wp:featuredmedia":[{"embeddable":true,"href":"https:\/\/struke.com.pe\/tienda\/wp-json\/wp\/v2\/media\/3796"}],"wp:attachment":[{"href":"https:\/\/struke.com.pe\/tienda\/wp-json\/wp\/v2\/media?parent=2404"}],"wp:term":[{"taxonomy":"pwb-brand","embeddable":true,"href":"https:\/\/struke.com.pe\/tienda\/wp-json\/wp\/v2\/pwb-brand?post=2404"},{"taxonomy":"product_brand","embeddable":true,"href":"https:\/\/struke.com.pe\/tienda\/wp-json\/wp\/v2\/product_brand?post=2404"},{"taxonomy":"product_cat","embeddable":true,"href":"https:\/\/struke.com.pe\/tienda\/wp-json\/wp\/v2\/product_cat?post=2404"},{"taxonomy":"product_tag","embeddable":true,"href":"https:\/\/struke.com.pe\/tienda\/wp-json\/wp\/v2\/product_tag?post=2404"}],"curies":[{"name":"wp","href":"https:\/\/api.w.org\/{rel}","templated":true}]}}