{"id":2414,"date":"2025-02-09T19:05:39","date_gmt":"2025-02-10T00:05:39","guid":{"rendered":"https:\/\/struke.com.pe\/tienda\/?post_type=product&#038;p=2414"},"modified":"2026-01-14T17:58:17","modified_gmt":"2026-01-14T22:58:17","slug":"cmatic-serie-mv-mv12","status":"publish","type":"product","link":"https:\/\/struke.com.pe\/tienda\/producto\/cmatic-serie-mv-mv12\/","title":{"rendered":"CMATIC Serie MV \u2013 MV12"},"content":{"rendered":"<table style=\"width: 66.2459%; height: 723px;\" width=\"1005\">\n<tbody>\n<tr style=\"height: 48px;\">\n<td style=\"text-align: center; width: 11.4205%; height: 48px;\" width=\"95\"><strong>C\u00f3digo<\/strong><\/td>\n<td style=\"text-align: center; width: 14.1819%; height: 48px;\" width=\"162\"><strong>Categor\u00eda<\/strong><\/td>\n<td style=\"text-align: center; width: 7.9785%; height: 48px;\" width=\"49\"><strong>Marca<\/strong><\/td>\n<td style=\"text-align: center; width: 14.4075%; height: 48px;\" width=\"132\"><strong>Funci\u00f3n<\/strong><\/td>\n<td style=\"text-align: center; width: 11.2582%; height: 48px;\" width=\"187\"><strong>Material<\/strong><\/td>\n<td style=\"text-align: center; width: 8.05132%; height: 48px;\" width=\"114\"><strong>Conexi\u00f3n 1<br \/>\n[mm]<\/strong><\/td>\n<td style=\"text-align: center; width: 8.60032%; height: 48px;\" width=\"114\"><strong>Conexi\u00f3n 2<\/strong><\/td>\n<td style=\"text-align: center; width: 13.905%; height: 48px;\" width=\"76\"><strong>Regulaci\u00f3n<\/strong><\/td>\n<td style=\"text-align: center; width: 35.2568%; height: 48px;\" width=\"76\"><strong>Aplicaci\u00f3n<\/strong><\/td>\n<\/tr>\n<tr style=\"height: 25px;\">\n<td style=\"text-align: center; width: 11.4205%; height: 25px;\">MV1204M5O<\/td>\n<td style=\"text-align: center; width: 14.1819%; height: 25px;\">Reguladores de caudal<\/td>\n<td style=\"text-align: center; width: 7.9785%; height: 25px;\">Cmatic<\/td>\n<td style=\"text-align: center; width: 14.4075%; height: 25px;\">unidireccional<\/td>\n<td style=\"text-align: center; width: 11.2582%; height: 25px;\">Lat\u00f3n\/POM<\/td>\n<td style=\"text-align: center; width: 8.05132%; height: 25px;\">4<\/td>\n<td style=\"text-align: center; width: 8.60032%; height: 25px;\">M5<\/td>\n<td style=\"text-align: center; width: 13.905%; height: 25px;\">Por perilla<\/td>\n<td style=\"text-align: center; width: 35.2568%; height: 25px;\">en cilindro<\/td>\n<\/tr>\n<tr style=\"height: 25px;\">\n<td style=\"text-align: center; width: 11.4205%; height: 25px;\">MV120418O<\/td>\n<td style=\"text-align: center; width: 14.1819%; height: 25px;\">Reguladores de caudal<\/td>\n<td style=\"text-align: center; width: 7.9785%; height: 25px;\">Cmatic<\/td>\n<td style=\"text-align: center; width: 14.4075%; height: 25px;\">unidireccional<\/td>\n<td style=\"text-align: center; width: 11.2582%; height: 25px;\">Lat\u00f3n\/POM<\/td>\n<td style=\"text-align: center; width: 8.05132%; height: 25px;\">4<\/td>\n<td style=\"text-align: center; width: 8.60032%; height: 25px;\">G1\/8&#8243;<\/td>\n<td style=\"text-align: center; width: 13.905%; height: 25px;\">Por perilla<\/td>\n<td style=\"text-align: center; width: 35.2568%; height: 25px;\">en cilindro<\/td>\n<\/tr>\n<tr style=\"height: 25px;\">\n<td style=\"text-align: center; width: 11.4205%; height: 25px;\">MV1206M5O<\/td>\n<td style=\"text-align: center; width: 14.1819%; height: 25px;\">Reguladores de caudal<\/td>\n<td style=\"text-align: center; width: 7.9785%; height: 25px;\">Cmatic<\/td>\n<td style=\"text-align: center; width: 14.4075%; height: 25px;\">unidireccional<\/td>\n<td style=\"text-align: center; width: 11.2582%; height: 25px;\">Lat\u00f3n\/POM<\/td>\n<td style=\"text-align: center; width: 8.05132%; height: 25px;\">6<\/td>\n<td style=\"text-align: center; width: 8.60032%; height: 25px;\">M5<\/td>\n<td style=\"text-align: center; width: 13.905%; height: 25px;\">Por perilla<\/td>\n<td style=\"text-align: center; width: 35.2568%; height: 25px;\">en cilindro<\/td>\n<\/tr>\n<tr style=\"height: 25px;\">\n<td style=\"text-align: center; width: 11.4205%; height: 25px;\">MV120618O<\/td>\n<td style=\"text-align: center; width: 14.1819%; height: 25px;\">Reguladores de caudal<\/td>\n<td style=\"text-align: center; width: 7.9785%; height: 25px;\">Cmatic<\/td>\n<td style=\"text-align: center; width: 14.4075%; height: 25px;\">unidireccional<\/td>\n<td style=\"text-align: center; width: 11.2582%; height: 25px;\">Lat\u00f3n\/POM<\/td>\n<td style=\"text-align: center; width: 8.05132%; height: 25px;\">6<\/td>\n<td style=\"text-align: center; width: 8.60032%; height: 25px;\">G1\/8&#8243;<\/td>\n<td style=\"text-align: center; width: 13.905%; height: 25px;\">Por perilla<\/td>\n<td style=\"text-align: center; width: 35.2568%; height: 25px;\">en cilindro<\/td>\n<\/tr>\n<tr style=\"height: 25px;\">\n<td style=\"text-align: center; width: 11.4205%; height: 25px;\">MV120614O<\/td>\n<td style=\"text-align: center; width: 14.1819%; height: 25px;\">Reguladores de caudal<\/td>\n<td style=\"text-align: center; width: 7.9785%; height: 25px;\">Cmatic<\/td>\n<td style=\"text-align: center; width: 14.4075%; height: 25px;\">unidireccional<\/td>\n<td style=\"text-align: center; width: 11.2582%; height: 25px;\">Lat\u00f3n\/POM<\/td>\n<td style=\"text-align: center; width: 8.05132%; height: 25px;\">6<\/td>\n<td style=\"text-align: center; width: 8.60032%; height: 25px;\">G1\/4&#8243;<\/td>\n<td style=\"text-align: center; width: 13.905%; height: 25px;\">Por perilla<\/td>\n<td style=\"text-align: center; width: 35.2568%; height: 25px;\">en cilindro<\/td>\n<\/tr>\n<tr style=\"height: 25px;\">\n<td style=\"text-align: center; width: 11.4205%; height: 25px;\">MV120818O<\/td>\n<td style=\"text-align: center; width: 14.1819%; height: 25px;\">Reguladores de caudal<\/td>\n<td style=\"text-align: center; width: 7.9785%; height: 25px;\">Cmatic<\/td>\n<td style=\"text-align: center; width: 14.4075%; height: 25px;\">unidireccional<\/td>\n<td style=\"text-align: center; width: 11.2582%; height: 25px;\">Lat\u00f3n\/POM<\/td>\n<td style=\"text-align: center; width: 8.05132%; height: 25px;\">8<\/td>\n<td style=\"text-align: center; width: 8.60032%; height: 25px;\">G1\/8&#8243;<\/td>\n<td style=\"text-align: center; width: 13.905%; height: 25px;\">Por perilla<\/td>\n<td style=\"text-align: center; width: 35.2568%; height: 25px;\">en cilindro<\/td>\n<\/tr>\n<tr style=\"height: 25px;\">\n<td style=\"text-align: center; width: 11.4205%; height: 25px;\">MV120814O<\/td>\n<td style=\"text-align: center; width: 14.1819%; height: 25px;\">Reguladores de caudal<\/td>\n<td style=\"text-align: center; width: 7.9785%; height: 25px;\">Cmatic<\/td>\n<td style=\"text-align: center; width: 14.4075%; height: 25px;\">unidireccional<\/td>\n<td style=\"text-align: center; width: 11.2582%; height: 25px;\">Lat\u00f3n\/POM<\/td>\n<td style=\"text-align: center; width: 8.05132%; height: 25px;\">8<\/td>\n<td style=\"text-align: center; width: 8.60032%; height: 25px;\">G1\/4&#8243;<\/td>\n<td style=\"text-align: center; width: 13.905%; height: 25px;\">Por perilla<\/td>\n<td style=\"text-align: center; width: 35.2568%; height: 25px;\">en cilindro<\/td>\n<\/tr>\n<tr style=\"height: 25px;\">\n<td style=\"text-align: center; width: 11.4205%; height: 25px;\">MV120838O<\/td>\n<td style=\"text-align: center; width: 14.1819%; height: 25px;\">Reguladores de caudal<\/td>\n<td style=\"text-align: center; width: 7.9785%; height: 25px;\">Cmatic<\/td>\n<td style=\"text-align: center; width: 14.4075%; height: 25px;\">unidireccional<\/td>\n<td style=\"text-align: center; width: 11.2582%; height: 25px;\">Lat\u00f3n\/POM<\/td>\n<td style=\"text-align: center; width: 8.05132%; height: 25px;\">8<\/td>\n<td style=\"text-align: center; width: 8.60032%; height: 25px;\">G3\/8&#8243;<\/td>\n<td style=\"text-align: center; width: 13.905%; height: 25px;\">Por perilla<\/td>\n<td style=\"text-align: center; width: 35.2568%; height: 25px;\">en cilindro<\/td>\n<\/tr>\n<tr style=\"height: 25px;\">\n<td style=\"text-align: center; width: 11.4205%; height: 25px;\">MV121014O<\/td>\n<td style=\"text-align: center; width: 14.1819%; height: 25px;\">Reguladores de caudal<\/td>\n<td style=\"text-align: center; width: 7.9785%; height: 25px;\">Cmatic<\/td>\n<td style=\"text-align: center; width: 14.4075%; height: 25px;\">unidireccional<\/td>\n<td style=\"text-align: center; width: 11.2582%; height: 25px;\">Lat\u00f3n\/POM<\/td>\n<td style=\"text-align: center; width: 8.05132%; height: 25px;\">10<\/td>\n<td style=\"text-align: center; width: 8.60032%; height: 25px;\">G1\/4&#8243;<\/td>\n<td style=\"text-align: center; width: 13.905%; height: 25px;\">Por perilla<\/td>\n<td style=\"text-align: center; width: 35.2568%; height: 25px;\">en cilindro<\/td>\n<\/tr>\n<tr style=\"height: 25px;\">\n<td style=\"text-align: center; width: 11.4205%; height: 25px;\">MV121038O<\/td>\n<td style=\"text-align: center; width: 14.1819%; height: 25px;\">Reguladores de caudal<\/td>\n<td style=\"text-align: center; width: 7.9785%; height: 25px;\">Cmatic<\/td>\n<td style=\"text-align: center; width: 14.4075%; height: 25px;\">unidireccional<\/td>\n<td style=\"text-align: center; width: 11.2582%; height: 25px;\">Lat\u00f3n\/POM<\/td>\n<td style=\"text-align: center; width: 8.05132%; height: 25px;\">10<\/td>\n<td style=\"text-align: center; width: 8.60032%; height: 25px;\">G3\/8&#8243;<\/td>\n<td style=\"text-align: center; width: 13.905%; height: 25px;\">Por perilla<\/td>\n<td style=\"text-align: center; width: 35.2568%; height: 25px;\">en cilindro<\/td>\n<\/tr>\n<tr style=\"height: 25px;\">\n<td style=\"text-align: center; width: 11.4205%; height: 25px;\">MV121012O<\/td>\n<td style=\"text-align: center; width: 14.1819%; height: 25px;\">Reguladores de caudal<\/td>\n<td style=\"text-align: center; width: 7.9785%; height: 25px;\">Cmatic<\/td>\n<td style=\"text-align: center; width: 14.4075%; height: 25px;\">unidireccional<\/td>\n<td style=\"text-align: center; width: 11.2582%; height: 25px;\">Lat\u00f3n\/POM<\/td>\n<td style=\"text-align: center; width: 8.05132%; height: 25px;\">10<\/td>\n<td style=\"text-align: center; width: 8.60032%; height: 25px;\">G1\/2&#8243;<\/td>\n<td style=\"text-align: center; width: 13.905%; height: 25px;\">Por perilla<\/td>\n<td style=\"text-align: center; width: 35.2568%; height: 25px;\">en cilindro<\/td>\n<\/tr>\n<tr style=\"height: 25px;\">\n<td style=\"text-align: center; width: 11.4205%; height: 25px;\">MV121238O<\/td>\n<td style=\"text-align: center; width: 14.1819%; height: 25px;\">Reguladores de caudal<\/td>\n<td style=\"text-align: center; width: 7.9785%; height: 25px;\">Cmatic<\/td>\n<td style=\"text-align: center; width: 14.4075%; height: 25px;\">unidireccional<\/td>\n<td style=\"text-align: center; width: 11.2582%; height: 25px;\">Lat\u00f3n\/POM<\/td>\n<td style=\"text-align: center; width: 8.05132%; height: 25px;\">12<\/td>\n<td style=\"text-align: center; width: 8.60032%; height: 25px;\">G3\/8&#8243;<\/td>\n<td style=\"text-align: center; width: 13.905%; height: 25px;\">Por perilla<\/td>\n<td style=\"text-align: center; width: 35.2568%; height: 25px;\">en cilindro<\/td>\n<\/tr>\n<tr style=\"height: 25px;\">\n<td style=\"text-align: center; width: 11.4205%; height: 25px;\">MV121212O<\/td>\n<td style=\"text-align: center; width: 14.1819%; height: 25px;\">Reguladores de caudal<\/td>\n<td style=\"text-align: center; width: 7.9785%; height: 25px;\">Cmatic<\/td>\n<td style=\"text-align: center; width: 14.4075%; height: 25px;\">unidireccional<\/td>\n<td style=\"text-align: center; width: 11.2582%; height: 25px;\">Lat\u00f3n\/POM<\/td>\n<td style=\"text-align: center; width: 8.05132%; height: 25px;\">12<\/td>\n<td style=\"text-align: center; width: 8.60032%; height: 25px;\">G1\/2&#8243;<\/td>\n<td style=\"text-align: center; width: 13.905%; height: 25px;\">Por perilla<\/td>\n<td style=\"text-align: center; width: 35.2568%; height: 25px;\">en cilindro<\/td>\n<\/tr>\n<tr style=\"height: 25px;\">\n<td style=\"text-align: center; width: 11.4205%; height: 25px;\"><\/td>\n<td style=\"text-align: center; width: 14.1819%; height: 25px;\"><\/td>\n<td style=\"text-align: center; width: 7.9785%; height: 25px;\"><\/td>\n<td style=\"text-align: center; width: 14.4075%; height: 25px;\"><\/td>\n<td style=\"text-align: center; width: 11.2582%; height: 25px;\"><\/td>\n<td style=\"text-align: center; width: 8.05132%; height: 25px;\"><\/td>\n<td style=\"text-align: center; width: 8.60032%; height: 25px;\"><\/td>\n<td style=\"text-align: center; width: 13.905%; height: 25px;\"><\/td>\n<td style=\"text-align: center; width: 35.2568%; height: 25px;\"><\/td>\n<\/tr>\n<tr style=\"height: 25px;\">\n<td style=\"text-align: center; width: 11.4205%; height: 25px;\">MV1204M5I<\/td>\n<td style=\"text-align: center; width: 14.1819%; height: 25px;\">Reguladores de caudal<\/td>\n<td style=\"text-align: center; width: 7.9785%; height: 25px;\">Cmatic<\/td>\n<td style=\"text-align: center; width: 14.4075%; height: 25px;\">unidireccional<\/td>\n<td style=\"text-align: center; width: 11.2582%; height: 25px;\">Lat\u00f3n\/POM<\/td>\n<td style=\"text-align: center; width: 8.05132%; height: 25px;\">4<\/td>\n<td style=\"text-align: center; width: 8.60032%; height: 25px;\">M5<\/td>\n<td style=\"text-align: center; width: 13.905%; height: 25px;\">Por perilla<\/td>\n<td style=\"text-align: center; width: 35.2568%; height: 25px;\">en v\u00e1lvula<\/td>\n<\/tr>\n<tr style=\"height: 25px;\">\n<td style=\"text-align: center; width: 11.4205%; height: 25px;\">MV120418I<\/td>\n<td style=\"text-align: center; width: 14.1819%; height: 25px;\">Reguladores de caudal<\/td>\n<td style=\"text-align: center; width: 7.9785%; height: 25px;\">Cmatic<\/td>\n<td style=\"text-align: center; width: 14.4075%; height: 25px;\">unidireccional<\/td>\n<td style=\"text-align: center; width: 11.2582%; height: 25px;\">Lat\u00f3n\/POM<\/td>\n<td style=\"text-align: center; width: 8.05132%; height: 25px;\">4<\/td>\n<td style=\"text-align: center; width: 8.60032%; height: 25px;\">G1\/8&#8243;<\/td>\n<td style=\"text-align: center; width: 13.905%; height: 25px;\">Por perilla<\/td>\n<td style=\"text-align: center; width: 35.2568%; height: 25px;\">en v\u00e1lvula<\/td>\n<\/tr>\n<tr style=\"height: 25px;\">\n<td style=\"text-align: center; width: 11.4205%; height: 25px;\">MV1206M5I<\/td>\n<td style=\"text-align: center; width: 14.1819%; height: 25px;\">Reguladores de caudal<\/td>\n<td style=\"text-align: center; width: 7.9785%; height: 25px;\">Cmatic<\/td>\n<td style=\"text-align: center; width: 14.4075%; height: 25px;\">unidireccional<\/td>\n<td style=\"text-align: center; width: 11.2582%; height: 25px;\">Lat\u00f3n\/POM<\/td>\n<td style=\"text-align: center; width: 8.05132%; height: 25px;\">6<\/td>\n<td style=\"text-align: center; width: 8.60032%; height: 25px;\">M5<\/td>\n<td style=\"text-align: center; width: 13.905%; height: 25px;\">Por perilla<\/td>\n<td style=\"text-align: center; width: 35.2568%; height: 25px;\">en v\u00e1lvula<\/td>\n<\/tr>\n<tr style=\"height: 25px;\">\n<td style=\"text-align: center; width: 11.4205%; height: 25px;\">MV120618I<\/td>\n<td style=\"text-align: center; width: 14.1819%; height: 25px;\">Reguladores de caudal<\/td>\n<td style=\"text-align: center; width: 7.9785%; height: 25px;\">Cmatic<\/td>\n<td style=\"text-align: center; width: 14.4075%; height: 25px;\">unidireccional<\/td>\n<td style=\"text-align: center; width: 11.2582%; height: 25px;\">Lat\u00f3n\/POM<\/td>\n<td style=\"text-align: center; width: 8.05132%; height: 25px;\">6<\/td>\n<td style=\"text-align: center; width: 8.60032%; height: 25px;\">G1\/8&#8243;<\/td>\n<td style=\"text-align: center; width: 13.905%; height: 25px;\">Por perilla<\/td>\n<td style=\"text-align: center; width: 35.2568%; height: 25px;\">en v\u00e1lvula<\/td>\n<\/tr>\n<tr style=\"height: 25px;\">\n<td style=\"text-align: center; width: 11.4205%; height: 25px;\">MV120614I<\/td>\n<td style=\"text-align: center; width: 14.1819%; height: 25px;\">Reguladores de caudal<\/td>\n<td style=\"text-align: center; width: 7.9785%; height: 25px;\">Cmatic<\/td>\n<td style=\"text-align: center; width: 14.4075%; height: 25px;\">unidireccional<\/td>\n<td style=\"text-align: center; width: 11.2582%; height: 25px;\">Lat\u00f3n\/POM<\/td>\n<td style=\"text-align: center; width: 8.05132%; height: 25px;\">6<\/td>\n<td style=\"text-align: center; width: 8.60032%; height: 25px;\">G1\/4&#8243;<\/td>\n<td style=\"text-align: center; width: 13.905%; height: 25px;\">Por perilla<\/td>\n<td style=\"text-align: center; width: 35.2568%; height: 25px;\">en v\u00e1lvula<\/td>\n<\/tr>\n<tr style=\"height: 25px;\">\n<td style=\"text-align: center; width: 11.4205%; height: 25px;\">MV120818I<\/td>\n<td style=\"text-align: center; width: 14.1819%; height: 25px;\">Reguladores de caudal<\/td>\n<td style=\"text-align: center; width: 7.9785%; height: 25px;\">Cmatic<\/td>\n<td style=\"text-align: center; width: 14.4075%; height: 25px;\">unidireccional<\/td>\n<td style=\"text-align: center; width: 11.2582%; height: 25px;\">Lat\u00f3n\/POM<\/td>\n<td style=\"text-align: center; width: 8.05132%; height: 25px;\">8<\/td>\n<td style=\"text-align: center; width: 8.60032%; height: 25px;\">G1\/8&#8243;<\/td>\n<td style=\"text-align: center; width: 13.905%; height: 25px;\">Por perilla<\/td>\n<td style=\"text-align: center; width: 35.2568%; height: 25px;\">en v\u00e1lvula<\/td>\n<\/tr>\n<tr style=\"height: 25px;\">\n<td style=\"text-align: center; width: 11.4205%; height: 25px;\">MV120814I<\/td>\n<td style=\"text-align: center; width: 14.1819%; height: 25px;\">Reguladores de caudal<\/td>\n<td style=\"text-align: center; width: 7.9785%; height: 25px;\">Cmatic<\/td>\n<td style=\"text-align: center; width: 14.4075%; height: 25px;\">unidireccional<\/td>\n<td style=\"text-align: center; width: 11.2582%; height: 25px;\">Lat\u00f3n\/POM<\/td>\n<td style=\"text-align: center; width: 8.05132%; height: 25px;\">8<\/td>\n<td style=\"text-align: center; width: 8.60032%; height: 25px;\">G1\/4&#8243;<\/td>\n<td style=\"text-align: center; width: 13.905%; height: 25px;\">Por perilla<\/td>\n<td style=\"text-align: center; width: 35.2568%; height: 25px;\">en v\u00e1lvula<\/td>\n<\/tr>\n<tr style=\"height: 25px;\">\n<td style=\"text-align: center; width: 11.4205%; height: 25px;\">MV120838I<\/td>\n<td style=\"text-align: center; width: 14.1819%; height: 25px;\">Reguladores de caudal<\/td>\n<td style=\"text-align: center; width: 7.9785%; height: 25px;\">Cmatic<\/td>\n<td style=\"text-align: center; width: 14.4075%; height: 25px;\">unidireccional<\/td>\n<td style=\"text-align: center; width: 11.2582%; height: 25px;\">Lat\u00f3n\/POM<\/td>\n<td style=\"text-align: center; width: 8.05132%; height: 25px;\">8<\/td>\n<td style=\"text-align: center; width: 8.60032%; height: 25px;\">G3\/8&#8243;<\/td>\n<td style=\"text-align: center; width: 13.905%; height: 25px;\">Por perilla<\/td>\n<td style=\"text-align: center; width: 35.2568%; height: 25px;\">en v\u00e1lvula<\/td>\n<\/tr>\n<tr style=\"height: 25px;\">\n<td style=\"text-align: center; width: 11.4205%; height: 25px;\">MV121014I<\/td>\n<td style=\"text-align: center; width: 14.1819%; height: 25px;\">Reguladores de caudal<\/td>\n<td style=\"text-align: center; width: 7.9785%; height: 25px;\">Cmatic<\/td>\n<td style=\"text-align: center; width: 14.4075%; height: 25px;\">unidireccional<\/td>\n<td style=\"text-align: center; width: 11.2582%; height: 25px;\">Lat\u00f3n\/POM<\/td>\n<td style=\"text-align: center; width: 8.05132%; height: 25px;\">10<\/td>\n<td style=\"text-align: center; width: 8.60032%; height: 25px;\">G1\/4&#8243;<\/td>\n<td style=\"text-align: center; width: 13.905%; height: 25px;\">Por perilla<\/td>\n<td style=\"text-align: center; width: 35.2568%; height: 25px;\">en v\u00e1lvula<\/td>\n<\/tr>\n<tr style=\"height: 25px;\">\n<td style=\"text-align: center; width: 11.4205%; height: 25px;\">MV121038I<\/td>\n<td style=\"text-align: center; width: 14.1819%; height: 25px;\">Reguladores de caudal<\/td>\n<td style=\"text-align: center; width: 7.9785%; height: 25px;\">Cmatic<\/td>\n<td style=\"text-align: center; width: 14.4075%; height: 25px;\">unidireccional<\/td>\n<td style=\"text-align: center; width: 11.2582%; height: 25px;\">Lat\u00f3n\/POM<\/td>\n<td style=\"text-align: center; width: 8.05132%; height: 25px;\">10<\/td>\n<td style=\"text-align: center; width: 8.60032%; height: 25px;\">G3\/8&#8243;<\/td>\n<td style=\"text-align: center; width: 13.905%; height: 25px;\">Por perilla<\/td>\n<td style=\"text-align: center; width: 35.2568%; height: 25px;\">en v\u00e1lvula<\/td>\n<\/tr>\n<tr style=\"height: 25px;\">\n<td style=\"text-align: center; width: 11.4205%; height: 25px;\">MV121012I<\/td>\n<td style=\"text-align: center; width: 14.1819%; height: 25px;\">Reguladores de caudal<\/td>\n<td style=\"text-align: center; width: 7.9785%; height: 25px;\">Cmatic<\/td>\n<td style=\"text-align: center; width: 14.4075%; height: 25px;\">unidireccional<\/td>\n<td style=\"text-align: center; width: 11.2582%; height: 25px;\">Lat\u00f3n\/POM<\/td>\n<td style=\"text-align: center; width: 8.05132%; height: 25px;\">10<\/td>\n<td style=\"text-align: center; width: 8.60032%; height: 25px;\">G1\/2&#8243;<\/td>\n<td style=\"text-align: center; width: 13.905%; height: 25px;\">Por perilla<\/td>\n<td style=\"text-align: center; width: 35.2568%; height: 25px;\">en v\u00e1lvula<\/td>\n<\/tr>\n<tr style=\"height: 25px;\">\n<td style=\"text-align: center; width: 11.4205%; height: 25px;\">MV121238I<\/td>\n<td style=\"text-align: center; width: 14.1819%; height: 25px;\">Reguladores de caudal<\/td>\n<td style=\"text-align: center; width: 7.9785%; height: 25px;\">Cmatic<\/td>\n<td style=\"text-align: center; width: 14.4075%; height: 25px;\">unidireccional<\/td>\n<td style=\"text-align: center; width: 11.2582%; height: 25px;\">Lat\u00f3n\/POM<\/td>\n<td style=\"text-align: center; width: 8.05132%; height: 25px;\">12<\/td>\n<td style=\"text-align: center; width: 8.60032%; height: 25px;\">G3\/8&#8243;<\/td>\n<td style=\"text-align: center; width: 13.905%; height: 25px;\">Por perilla<\/td>\n<td style=\"text-align: center; width: 35.2568%; height: 25px;\">en v\u00e1lvula<\/td>\n<\/tr>\n<tr style=\"height: 25px;\">\n<td style=\"text-align: center; width: 11.4205%; height: 25px;\">MV121212I<\/td>\n<td style=\"text-align: center; width: 14.1819%; height: 25px;\">Reguladores de caudal<\/td>\n<td style=\"text-align: center; width: 7.9785%; height: 25px;\">Cmatic<\/td>\n<td style=\"text-align: center; width: 14.4075%; height: 25px;\">unidireccional<\/td>\n<td style=\"text-align: center; width: 11.2582%; height: 25px;\">Lat\u00f3n\/POM<\/td>\n<td style=\"text-align: center; width: 8.05132%; height: 25px;\">12<\/td>\n<td style=\"text-align: center; width: 8.60032%; height: 25px;\">G1\/2&#8243;<\/td>\n<td style=\"text-align: center; width: 13.905%; height: 25px;\">Por perilla<\/td>\n<td style=\"text-align: center; width: 35.2568%; height: 25px;\">en v\u00e1lvula<\/td>\n<\/tr>\n<\/tbody>\n<\/table>\n","protected":false},"excerpt":{"rendered":"<p>Regulador de caudal<br \/>\nPresentaci\u00f3n: rosca macho; regulaci\u00f3n con perilla, lat\u00f3n niquelado \/ POM<br \/>\nRosca: tipo G (BSPP); con o-ring<br \/>\nUso: regulaci\u00f3n de velocidad; para montar en cilindro o en v\u00e1lvula<br \/>\nPresi\u00f3n: 0 a 10 bar<br \/>\nTemperatura: -20\u00baC a 70\u00baC<\/p>\n<p><span style=\"font-size: 120%;\"><strong>INFORMACI\u00d3N T\u00c9CNICA<br \/>\n<\/strong><\/span>&#8211; <a href=\"https:\/\/struke.com.pe\/tienda\/wp-content\/uploads\/2025\/02\/MV12-21P-cat.pdf\">Regulador de caudal MV12<\/a><br \/>\n&#8211; <a href=\"https:\/\/www.datocms-assets.com\/86553\/1713441400-mv-line.pdf\">Cat\u00e1logo completo MV<\/a><\/p>\n<p>&nbsp;<\/p>\n","protected":false},"featured_media":2419,"template":"","meta":[],"pwb-brand":[18],"product_brand":[],"product_cat":[35,28,46,44],"product_tag":[],"class_list":{"0":"post-2414","1":"product","2":"type-product","3":"status-publish","4":"has-post-thumbnail","6":"pwb-brand-cmatic","7":"product_cat-conectores","8":"product_cat-conectores-y-accesorios-con-funciones-neumaticas","9":"product_cat-reguladores-de-caudal","10":"product_cat-valvulas","12":"first","13":"instock","14":"sale","15":"taxable","16":"shipping-taxable","17":"purchasable","18":"product-type-variable"},"acf":[],"brands":[{"id":18,"name":"CMATIC Conectores, racores","slug":"cmatic"}],"_links":{"self":[{"href":"https:\/\/struke.com.pe\/tienda\/wp-json\/wp\/v2\/product\/2414","targetHints":{"allow":["GET"]}}],"collection":[{"href":"https:\/\/struke.com.pe\/tienda\/wp-json\/wp\/v2\/product"}],"about":[{"href":"https:\/\/struke.com.pe\/tienda\/wp-json\/wp\/v2\/types\/product"}],"wp:featuredmedia":[{"embeddable":true,"href":"https:\/\/struke.com.pe\/tienda\/wp-json\/wp\/v2\/media\/2419"}],"wp:attachment":[{"href":"https:\/\/struke.com.pe\/tienda\/wp-json\/wp\/v2\/media?parent=2414"}],"wp:term":[{"taxonomy":"pwb-brand","embeddable":true,"href":"https:\/\/struke.com.pe\/tienda\/wp-json\/wp\/v2\/pwb-brand?post=2414"},{"taxonomy":"product_brand","embeddable":true,"href":"https:\/\/struke.com.pe\/tienda\/wp-json\/wp\/v2\/product_brand?post=2414"},{"taxonomy":"product_cat","embeddable":true,"href":"https:\/\/struke.com.pe\/tienda\/wp-json\/wp\/v2\/product_cat?post=2414"},{"taxonomy":"product_tag","embeddable":true,"href":"https:\/\/struke.com.pe\/tienda\/wp-json\/wp\/v2\/product_tag?post=2414"}],"curies":[{"name":"wp","href":"https:\/\/api.w.org\/{rel}","templated":true}]}}