{"id":2446,"date":"2025-02-09T19:39:22","date_gmt":"2025-02-10T00:39:22","guid":{"rendered":"https:\/\/struke.com.pe\/tienda\/?post_type=product&#038;p=2446"},"modified":"2026-03-11T18:03:44","modified_gmt":"2026-03-11T23:03:44","slug":"cmatic-serie-mv-mv18","status":"publish","type":"product","link":"https:\/\/struke.com.pe\/tienda\/producto\/cmatic-serie-mv-mv18\/","title":{"rendered":"CMATIC Serie MV \u2013 MV18"},"content":{"rendered":"<table style=\"width: 60.0068%;\" width=\"929\">\n<tbody>\n<tr>\n<td style=\"text-align: center; width: 13.279%;\" width=\"95\"><strong>C\u00f3digo<\/strong><\/td>\n<td style=\"text-align: center; width: 23.1152%;\" width=\"162\"><strong>Categor\u00eda<\/strong><\/td>\n<td style=\"text-align: center; width: 10.0294%;\" width=\"49\"><strong>Marca<\/strong><\/td>\n<td style=\"text-align: center; width: 15.1562%;\" width=\"132\"><strong>Funci\u00f3n<\/strong><\/td>\n<td style=\"text-align: center; width: 9.91573%;\" width=\"187\"><strong>Material<\/strong><\/td>\n<td style=\"text-align: center; width: 10.147%;\" width=\"114\"><strong>Conexi\u00f3n 1<br \/>\n[mm]<\/strong><\/td>\n<td style=\"text-align: center; width: 8.91311%;\" width=\"114\"><strong>Conexi\u00f3n 2<\/strong><\/td>\n<td style=\"text-align: center; width: 29.2012%;\" width=\"76\"><strong>Regulaci\u00f3n<\/strong><\/td>\n<\/tr>\n<tr>\n<td style=\"text-align: center; width: 13.279%;\">MV1804M5C<\/td>\n<td style=\"text-align: center; width: 23.1152%;\">Reguladores de caudal<\/td>\n<td style=\"text-align: center; width: 10.0294%;\">Cmatic<\/td>\n<td style=\"text-align: center; width: 15.1562%;\">Unidireccional<\/td>\n<td style=\"text-align: center; width: 9.91573%;\">Lat\u00f3n<\/td>\n<td style=\"text-align: center; width: 10.147%;\">4<\/td>\n<td style=\"text-align: center; width: 8.91311%;\">M5<\/td>\n<td style=\"text-align: center; width: 29.2012%;\">Por tornillo<\/td>\n<\/tr>\n<tr>\n<td style=\"text-align: center; width: 13.279%;\">MV180418C<\/td>\n<td style=\"text-align: center; width: 23.1152%;\">Reguladores de caudal<\/td>\n<td style=\"text-align: center; width: 10.0294%;\">Cmatic<\/td>\n<td style=\"text-align: center; width: 15.1562%;\">Unidireccional<\/td>\n<td style=\"text-align: center; width: 9.91573%;\">Lat\u00f3n<\/td>\n<td style=\"text-align: center; width: 10.147%;\">4<\/td>\n<td style=\"text-align: center; width: 8.91311%;\">G1\/8&#8243;<\/td>\n<td style=\"text-align: center; width: 29.2012%;\">Por tornillo<\/td>\n<\/tr>\n<tr>\n<td style=\"text-align: center; width: 13.279%;\">MV1806M5C<\/td>\n<td style=\"text-align: center; width: 23.1152%;\">Reguladores de caudal<\/td>\n<td style=\"text-align: center; width: 10.0294%;\">Cmatic<\/td>\n<td style=\"text-align: center; width: 15.1562%;\">Unidireccional<\/td>\n<td style=\"text-align: center; width: 9.91573%;\">Lat\u00f3n<\/td>\n<td style=\"text-align: center; width: 10.147%;\">6<\/td>\n<td style=\"text-align: center; width: 8.91311%;\">M5<\/td>\n<td style=\"text-align: center; width: 29.2012%;\">Por tornillo<\/td>\n<\/tr>\n<tr>\n<td style=\"text-align: center; width: 13.279%;\">MV180618C<\/td>\n<td style=\"text-align: center; width: 23.1152%;\">Reguladores de caudal<\/td>\n<td style=\"text-align: center; width: 10.0294%;\">Cmatic<\/td>\n<td style=\"text-align: center; width: 15.1562%;\">Unidireccional<\/td>\n<td style=\"text-align: center; width: 9.91573%;\">Lat\u00f3n<\/td>\n<td style=\"text-align: center; width: 10.147%;\">6<\/td>\n<td style=\"text-align: center; width: 8.91311%;\">G1\/8&#8243;<\/td>\n<td style=\"text-align: center; width: 29.2012%;\">Por tornillo<\/td>\n<\/tr>\n<tr>\n<td style=\"text-align: center; width: 13.279%;\">MV180614C<\/td>\n<td style=\"text-align: center; width: 23.1152%;\">Reguladores de caudal<\/td>\n<td style=\"text-align: center; width: 10.0294%;\">Cmatic<\/td>\n<td style=\"text-align: center; width: 15.1562%;\">Unidireccional<\/td>\n<td style=\"text-align: center; width: 9.91573%;\">Lat\u00f3n<\/td>\n<td style=\"text-align: center; width: 10.147%;\">6<\/td>\n<td style=\"text-align: center; width: 8.91311%;\">G1\/4&#8243;<\/td>\n<td style=\"text-align: center; width: 29.2012%;\">Por tornillo<\/td>\n<\/tr>\n<tr>\n<td style=\"text-align: center; width: 13.279%;\">MV180818C<\/td>\n<td style=\"text-align: center; width: 23.1152%;\">Reguladores de caudal<\/td>\n<td style=\"text-align: center; width: 10.0294%;\">Cmatic<\/td>\n<td style=\"text-align: center; width: 15.1562%;\">Unidireccional<\/td>\n<td style=\"text-align: center; width: 9.91573%;\">Lat\u00f3n<\/td>\n<td style=\"text-align: center; width: 10.147%;\">8<\/td>\n<td style=\"text-align: center; width: 8.91311%;\">G1\/8&#8243;<\/td>\n<td style=\"text-align: center; width: 29.2012%;\">Por tornillo<\/td>\n<\/tr>\n<tr>\n<td style=\"text-align: center; width: 13.279%;\">MV180814C<\/td>\n<td style=\"text-align: center; width: 23.1152%;\">Reguladores de caudal<\/td>\n<td style=\"text-align: center; width: 10.0294%;\">Cmatic<\/td>\n<td style=\"text-align: center; width: 15.1562%;\">Unidireccional<\/td>\n<td style=\"text-align: center; width: 9.91573%;\">Lat\u00f3n<\/td>\n<td style=\"text-align: center; width: 10.147%;\">8<\/td>\n<td style=\"text-align: center; width: 8.91311%;\">G1\/4&#8243;<\/td>\n<td style=\"text-align: center; width: 29.2012%;\">Por tornillo<\/td>\n<\/tr>\n<tr>\n<td style=\"text-align: center; width: 13.279%;\">MV180838C<\/td>\n<td style=\"text-align: center; width: 23.1152%;\">Reguladores de caudal<\/td>\n<td style=\"text-align: center; width: 10.0294%;\">Cmatic<\/td>\n<td style=\"text-align: center; width: 15.1562%;\">Unidireccional<\/td>\n<td style=\"text-align: center; width: 9.91573%;\">Lat\u00f3n<\/td>\n<td style=\"text-align: center; width: 10.147%;\">8<\/td>\n<td style=\"text-align: center; width: 8.91311%;\">G3\/8&#8243;<\/td>\n<td style=\"text-align: center; width: 29.2012%;\">Por tornillo<\/td>\n<\/tr>\n<tr>\n<td style=\"text-align: center; width: 13.279%;\">MV181014C<\/td>\n<td style=\"text-align: center; width: 23.1152%;\">Reguladores de caudal<\/td>\n<td style=\"text-align: center; width: 10.0294%;\">Cmatic<\/td>\n<td style=\"text-align: center; width: 15.1562%;\">Unidireccional<\/td>\n<td style=\"text-align: center; width: 9.91573%;\">Lat\u00f3n<\/td>\n<td style=\"text-align: center; width: 10.147%;\">10<\/td>\n<td style=\"text-align: center; width: 8.91311%;\">G1\/4&#8243;<\/td>\n<td style=\"text-align: center; width: 29.2012%;\">Por tornillo<\/td>\n<\/tr>\n<tr>\n<td style=\"text-align: center; width: 13.279%;\">MV181038C<\/td>\n<td style=\"text-align: center; width: 23.1152%;\">Reguladores de caudal<\/td>\n<td style=\"text-align: center; width: 10.0294%;\">Cmatic<\/td>\n<td style=\"text-align: center; width: 15.1562%;\">Unidireccional<\/td>\n<td style=\"text-align: center; width: 9.91573%;\">Lat\u00f3n<\/td>\n<td style=\"text-align: center; width: 10.147%;\">10<\/td>\n<td style=\"text-align: center; width: 8.91311%;\">G3\/8&#8243;<\/td>\n<td style=\"text-align: center; width: 29.2012%;\">Por tornillo<\/td>\n<\/tr>\n<\/tbody>\n<\/table>\n","protected":false},"excerpt":{"rendered":"<p>Regulador de caudal<br \/>\nPresentaci\u00f3n: orientable; lat\u00f3n con niquelado electrol\u00edtico<br \/>\nRosca: tipo G (BSPP); con o-ring<br \/>\nUso: regulaci\u00f3n de velocidad; montaje en cilindro<br \/>\nPresi\u00f3n: 0 a 10 bar<br \/>\nTemperatura: -20\u00baC a 80\u00baC<\/p>\n<p><span style=\"font-size: 120%;\"><strong>INFORMACI\u00d3N T\u00c9CNICA<br \/>\n<\/strong><\/span>&#8211; <a href=\"https:\/\/struke.com.pe\/tienda\/wp-content\/uploads\/2025\/02\/MV18-cat.pdf\">Regulador de caudal MV18<\/a><br \/>\n&#8211; <a href=\"https:\/\/www.datocms-assets.com\/86553\/1713441400-mv-line.pdf\">Cat\u00e1logo completo MV<\/a><\/p>\n<p>&nbsp;<\/p>\n","protected":false},"featured_media":2474,"template":"","meta":[],"pwb-brand":[18],"product_brand":[],"product_cat":[35,28,46,44],"product_tag":[],"class_list":{"0":"post-2446","1":"product","2":"type-product","3":"status-publish","4":"has-post-thumbnail","6":"pwb-brand-cmatic","7":"product_cat-conectores","8":"product_cat-conectores-y-accesorios-con-funciones-neumaticas","9":"product_cat-reguladores-de-caudal","10":"product_cat-valvulas","12":"first","13":"instock","14":"sale","15":"taxable","16":"shipping-taxable","17":"purchasable","18":"product-type-variable"},"acf":[],"brands":[{"id":18,"name":"CMATIC Conectores, racores","slug":"cmatic"}],"_links":{"self":[{"href":"https:\/\/struke.com.pe\/tienda\/wp-json\/wp\/v2\/product\/2446","targetHints":{"allow":["GET"]}}],"collection":[{"href":"https:\/\/struke.com.pe\/tienda\/wp-json\/wp\/v2\/product"}],"about":[{"href":"https:\/\/struke.com.pe\/tienda\/wp-json\/wp\/v2\/types\/product"}],"wp:featuredmedia":[{"embeddable":true,"href":"https:\/\/struke.com.pe\/tienda\/wp-json\/wp\/v2\/media\/2474"}],"wp:attachment":[{"href":"https:\/\/struke.com.pe\/tienda\/wp-json\/wp\/v2\/media?parent=2446"}],"wp:term":[{"taxonomy":"pwb-brand","embeddable":true,"href":"https:\/\/struke.com.pe\/tienda\/wp-json\/wp\/v2\/pwb-brand?post=2446"},{"taxonomy":"product_brand","embeddable":true,"href":"https:\/\/struke.com.pe\/tienda\/wp-json\/wp\/v2\/product_brand?post=2446"},{"taxonomy":"product_cat","embeddable":true,"href":"https:\/\/struke.com.pe\/tienda\/wp-json\/wp\/v2\/product_cat?post=2446"},{"taxonomy":"product_tag","embeddable":true,"href":"https:\/\/struke.com.pe\/tienda\/wp-json\/wp\/v2\/product_tag?post=2446"}],"curies":[{"name":"wp","href":"https:\/\/api.w.org\/{rel}","templated":true}]}}