{"id":2508,"date":"2025-02-11T15:49:29","date_gmt":"2025-02-11T20:49:29","guid":{"rendered":"https:\/\/struke.com.pe\/tienda\/?post_type=product&#038;p=2508"},"modified":"2026-01-17T18:29:59","modified_gmt":"2026-01-17T23:29:59","slug":"cmatic-serie-mv-mv22","status":"publish","type":"product","link":"https:\/\/struke.com.pe\/tienda\/producto\/cmatic-serie-mv-mv22\/","title":{"rendered":"CMATIC Serie MV \u2013 MV22"},"content":{"rendered":"<table style=\"width: 58.8488%; height: 361px;\" width=\"803\">\n<tbody>\n<tr style=\"height: 25px;\">\n<td style=\"height: 25px; text-align: center; width: 16.3265%;\" width=\"100\"><strong>C\u00f3digo<\/strong><\/td>\n<td style=\"height: 25px; text-align: center; width: 21.301%;\" width=\"162\"><strong>Categor\u00eda<\/strong><\/td>\n<td style=\"height: 25px; text-align: center; width: 6.7602%;\" width=\"49\"><strong>Marca<\/strong><\/td>\n<td style=\"height: 25px; text-align: center; width: 23.8687%;\" width=\"132\"><strong>Funci\u00f3n<\/strong><\/td>\n<td style=\"height: 25px; text-align: center; width: 14.73%;\" width=\"132\"><strong>Materiales<\/strong><\/td>\n<td style=\"height: 25px; text-align: center; width: 8.6691%;\" width=\"114\"><strong>Conexi\u00f3n 1<\/strong><\/td>\n<td style=\"height: 25px; text-align: center; width: 45.1072%;\" width=\"114\"><strong>Conexi\u00f3n 2<\/strong><\/td>\n<\/tr>\n<tr style=\"height: 48px;\">\n<td style=\"height: 48px; text-align: center; width: 16.3265%;\">MV221818-RA<\/td>\n<td style=\"height: 48px; text-align: center; width: 21.301%;\">V\u00e1lvulas<\/td>\n<td style=\"height: 48px; text-align: center; width: 6.7602%;\">Cmatic<\/td>\n<td style=\"height: 48px; text-align: center; width: 23.8687%;\">Escape r\u00e1pido en l\u00ednea<\/td>\n<td style=\"height: 48px; text-align: center; width: 14.73%;\">Aluminio anodizado<\/td>\n<td style=\"height: 48px; text-align: center; width: 8.6691%;\">G1\/8&#8243;<\/td>\n<td style=\"height: 48px; text-align: center; width: 45.1072%;\">R1\/8&#8243;<\/td>\n<\/tr>\n<tr style=\"height: 48px;\">\n<td style=\"height: 48px; text-align: center; width: 16.3265%;\">MV220814-MA<\/td>\n<td style=\"height: 48px; text-align: center; width: 21.301%;\">V\u00e1lvulas<\/td>\n<td style=\"height: 48px; text-align: center; width: 6.7602%;\">Cmatic<\/td>\n<td style=\"height: 48px; text-align: center; width: 23.8687%;\">Escape r\u00e1pido en l\u00ednea<\/td>\n<td style=\"height: 48px; text-align: center; width: 14.73%;\">Aluminio anodizado<\/td>\n<td style=\"height: 48px; text-align: center; width: 8.6691%;\">8 mm<\/td>\n<td style=\"height: 48px; text-align: center; width: 45.1072%;\">R1\/4&#8243;<\/td>\n<\/tr>\n<tr style=\"height: 48px;\">\n<td style=\"height: 48px; text-align: center; width: 16.3265%;\">MV221414-RA<\/td>\n<td style=\"height: 48px; text-align: center; width: 21.301%;\">V\u00e1lvulas<\/td>\n<td style=\"height: 48px; text-align: center; width: 6.7602%;\">Cmatic<\/td>\n<td style=\"height: 48px; text-align: center; width: 23.8687%;\">Escape r\u00e1pido en l\u00ednea<\/td>\n<td style=\"height: 48px; text-align: center; width: 14.73%;\">Aluminio anodizado<\/td>\n<td style=\"height: 48px; text-align: center; width: 8.6691%;\">G1\/4&#8243;<\/td>\n<td style=\"height: 48px; text-align: center; width: 45.1072%;\">R1\/4&#8243;<\/td>\n<\/tr>\n<tr style=\"height: 48px;\">\n<td style=\"height: 48px; text-align: center; width: 16.3265%;\">MV221038-MA<\/td>\n<td style=\"height: 48px; text-align: center; width: 21.301%;\">V\u00e1lvulas<\/td>\n<td style=\"height: 48px; text-align: center; width: 6.7602%;\">Cmatic<\/td>\n<td style=\"height: 48px; text-align: center; width: 23.8687%;\">Escape r\u00e1pido en l\u00ednea<\/td>\n<td style=\"height: 48px; text-align: center; width: 14.73%;\">Aluminio anodizado<\/td>\n<td style=\"height: 48px; text-align: center; width: 8.6691%;\">10 mm<\/td>\n<td style=\"height: 48px; text-align: center; width: 45.1072%;\">R3\/8&#8243;<\/td>\n<\/tr>\n<tr style=\"height: 48px;\">\n<td style=\"height: 48px; text-align: center; width: 16.3265%;\">MV223838-RA<\/td>\n<td style=\"height: 48px; text-align: center; width: 21.301%;\">V\u00e1lvulas<\/td>\n<td style=\"height: 48px; text-align: center; width: 6.7602%;\">Cmatic<\/td>\n<td style=\"height: 48px; text-align: center; width: 23.8687%;\">Escape r\u00e1pido en l\u00ednea<\/td>\n<td style=\"height: 48px; text-align: center; width: 14.73%;\">Aluminio anodizado<\/td>\n<td style=\"height: 48px; text-align: center; width: 8.6691%;\">G3\/8&#8243;<\/td>\n<td style=\"height: 48px; text-align: center; width: 45.1072%;\">R3\/8&#8243;<\/td>\n<\/tr>\n<tr style=\"height: 48px;\">\n<td style=\"height: 48px; text-align: center; width: 16.3265%;\">MV221212-MA<\/td>\n<td style=\"height: 48px; text-align: center; width: 21.301%;\">V\u00e1lvulas<\/td>\n<td style=\"height: 48px; text-align: center; width: 6.7602%;\">Cmatic<\/td>\n<td style=\"height: 48px; text-align: center; width: 23.8687%;\">Escape r\u00e1pido en l\u00ednea<\/td>\n<td style=\"height: 48px; text-align: center; width: 14.73%;\">Aluminio anodizado<\/td>\n<td style=\"height: 48px; text-align: center; width: 8.6691%;\">12 mm<\/td>\n<td style=\"height: 48px; text-align: center; width: 45.1072%;\">R1\/2&#8243;<\/td>\n<\/tr>\n<tr style=\"height: 48px;\">\n<td style=\"height: 48px; text-align: center; width: 16.3265%;\">MV221212-RA<\/td>\n<td style=\"height: 48px; text-align: center; width: 21.301%;\">V\u00e1lvulas<\/td>\n<td style=\"height: 48px; text-align: center; width: 6.7602%;\">Cmatic<\/td>\n<td style=\"height: 48px; text-align: center; width: 23.8687%;\">Escape r\u00e1pido en l\u00ednea<\/td>\n<td style=\"height: 48px; text-align: center; width: 14.73%;\">Aluminio anodizado<\/td>\n<td style=\"height: 48px; text-align: center; width: 8.6691%;\">G1\/2&#8243;<\/td>\n<td style=\"height: 48px; text-align: center; width: 45.1072%;\">R1\/2&#8243;<\/td>\n<\/tr>\n<\/tbody>\n<\/table>\n","protected":false},"excerpt":{"rendered":"<p>V\u00e1lvula de escape r\u00e1pido en l\u00ednea<br \/>\nPresentaci\u00f3n: en aluminio anodizado<br \/>\nUso: aceleraci\u00f3n de velocidad en cilindros neum\u00e1ticos; montaje en l\u00ednea<br \/>\nPresi\u00f3n: 2 a 10 bar<br \/>\nTemperatura: -20\u00baC a 80\u00baC<\/p>\n<p><span style=\"font-size: 120%;\"><strong>INFORMACI\u00d3N T\u00c9CNICA<br \/>\n<\/strong><\/span>&#8211; <a href=\"https:\/\/struke.com.pe\/tienda\/wp-content\/uploads\/2025\/02\/MV22-cat.pdf\">Regulador de caudal MV22<\/a><br \/>\n&#8211; <a href=\"https:\/\/www.datocms-assets.com\/86553\/1713441400-mv-line.pdf\">Cat\u00e1logo completo MV<\/a><\/p>\n","protected":false},"featured_media":2531,"template":"","meta":[],"pwb-brand":[18],"product_brand":[],"product_cat":[47,44],"product_tag":[],"class_list":{"0":"post-2508","1":"product","2":"type-product","3":"status-publish","4":"has-post-thumbnail","6":"pwb-brand-cmatic","7":"product_cat-escape-rapido","8":"product_cat-valvulas","10":"first","11":"instock","12":"sale","13":"taxable","14":"shipping-taxable","15":"purchasable","16":"product-type-variable"},"acf":[],"brands":[{"id":18,"name":"CMATIC Conectores, racores","slug":"cmatic"}],"_links":{"self":[{"href":"https:\/\/struke.com.pe\/tienda\/wp-json\/wp\/v2\/product\/2508","targetHints":{"allow":["GET"]}}],"collection":[{"href":"https:\/\/struke.com.pe\/tienda\/wp-json\/wp\/v2\/product"}],"about":[{"href":"https:\/\/struke.com.pe\/tienda\/wp-json\/wp\/v2\/types\/product"}],"wp:featuredmedia":[{"embeddable":true,"href":"https:\/\/struke.com.pe\/tienda\/wp-json\/wp\/v2\/media\/2531"}],"wp:attachment":[{"href":"https:\/\/struke.com.pe\/tienda\/wp-json\/wp\/v2\/media?parent=2508"}],"wp:term":[{"taxonomy":"pwb-brand","embeddable":true,"href":"https:\/\/struke.com.pe\/tienda\/wp-json\/wp\/v2\/pwb-brand?post=2508"},{"taxonomy":"product_brand","embeddable":true,"href":"https:\/\/struke.com.pe\/tienda\/wp-json\/wp\/v2\/product_brand?post=2508"},{"taxonomy":"product_cat","embeddable":true,"href":"https:\/\/struke.com.pe\/tienda\/wp-json\/wp\/v2\/product_cat?post=2508"},{"taxonomy":"product_tag","embeddable":true,"href":"https:\/\/struke.com.pe\/tienda\/wp-json\/wp\/v2\/product_tag?post=2508"}],"curies":[{"name":"wp","href":"https:\/\/api.w.org\/{rel}","templated":true}]}}