{"id":3233,"date":"2025-02-21T19:05:55","date_gmt":"2025-02-22T00:05:55","guid":{"rendered":"https:\/\/struke.com.pe\/tienda\/?post_type=product&#038;p=3233"},"modified":"2026-01-19T13:28:58","modified_gmt":"2026-01-19T18:28:58","slug":"cmatic-serie-pn-pn28","status":"publish","type":"product","link":"https:\/\/struke.com.pe\/tienda\/producto\/cmatic-serie-pn-pn28\/","title":{"rendered":"CMATIC Serie PN \u2013 PN28"},"content":{"rendered":"<table style=\"width: 57.4604%;\" width=\"775\">\n<tbody>\n<tr>\n<td style=\"text-align: center; width: 12.9032%;\" width=\"100\"><strong>C\u00f3digo<\/strong><\/td>\n<td style=\"text-align: center; width: 20.9032%;\" width=\"162\"><strong>Categor\u00eda<\/strong><\/td>\n<td style=\"text-align: center; width: 6.32258%;\" width=\"49\"><strong>Marca<\/strong><\/td>\n<td style=\"text-align: center; width: 20.6452%;\" width=\"160\"><strong>Materiales<\/strong><\/td>\n<td style=\"text-align: center; width: 17.0323%;\" width=\"132\"><strong>Ejecuci\u00f3n<\/strong><\/td>\n<td style=\"text-align: center; width: 9.80645%;\" width=\"76\"><strong>Conexi\u00f3n 1<br \/>\n[O.D.]<\/strong><\/td>\n<td style=\"text-align: center; width: 29.6774%;\" width=\"96\"><strong>Conexi\u00f3n 2<br \/>\nO.D.]<\/strong><\/td>\n<\/tr>\n<tr>\n<td style=\"text-align: center; width: 12.9032%;\">PN28 1\/8 1\/8<\/td>\n<td style=\"text-align: center; width: 20.9032%;\">Conectores instant\u00e1neos<\/td>\n<td style=\"text-align: center; width: 6.32258%;\">Cmatic<\/td>\n<td style=\"text-align: center; width: 20.6452%;\">lat\u00f3n niquelado<\/td>\n<td style=\"text-align: center; width: 17.0323%;\">Uni\u00f3n en codo<\/td>\n<td style=\"text-align: center; width: 9.80645%;\">1\/8&#8243;<\/td>\n<td style=\"text-align: center; width: 29.6774%;\">1\/8&#8243;<\/td>\n<\/tr>\n<tr>\n<td style=\"text-align: center; width: 12.9032%;\">PN28 5\/32 5\/32<\/td>\n<td style=\"text-align: center; width: 20.9032%;\">Conectores instant\u00e1neos<\/td>\n<td style=\"text-align: center; width: 6.32258%;\">Cmatic<\/td>\n<td style=\"text-align: center; width: 20.6452%;\">lat\u00f3n niquelado<\/td>\n<td style=\"text-align: center; width: 17.0323%;\">Uni\u00f3n en codo<\/td>\n<td style=\"text-align: center; width: 9.80645%;\">5\/32&#8243;<\/td>\n<td style=\"text-align: center; width: 29.6774%;\">5\/32&#8243;<\/td>\n<\/tr>\n<tr>\n<td style=\"text-align: center; width: 12.9032%;\">PN28 1\/4 1\/4<\/td>\n<td style=\"text-align: center; width: 20.9032%;\">Conectores instant\u00e1neos<\/td>\n<td style=\"text-align: center; width: 6.32258%;\">Cmatic<\/td>\n<td style=\"text-align: center; width: 20.6452%;\">lat\u00f3n niquelado<\/td>\n<td style=\"text-align: center; width: 17.0323%;\">Uni\u00f3n en codo<\/td>\n<td style=\"text-align: center; width: 9.80645%;\">1\/4&#8243;<\/td>\n<td style=\"text-align: center; width: 29.6774%;\">1\/4&#8243;<\/td>\n<\/tr>\n<tr>\n<td style=\"text-align: center; width: 12.9032%;\">PN28 5\/16 5\/16<\/td>\n<td style=\"text-align: center; width: 20.9032%;\">Conectores instant\u00e1neos<\/td>\n<td style=\"text-align: center; width: 6.32258%;\">Cmatic<\/td>\n<td style=\"text-align: center; width: 20.6452%;\">lat\u00f3n niquelado<\/td>\n<td style=\"text-align: center; width: 17.0323%;\">Uni\u00f3n en codo<\/td>\n<td style=\"text-align: center; width: 9.80645%;\">5\/16&#8243;<\/td>\n<td style=\"text-align: center; width: 29.6774%;\">5\/16&#8243;<\/td>\n<\/tr>\n<tr>\n<td style=\"text-align: center; width: 12.9032%;\">PN28 3\/8 3\/8<\/td>\n<td style=\"text-align: center; width: 20.9032%;\">Conectores instant\u00e1neos<\/td>\n<td style=\"text-align: center; width: 6.32258%;\">Cmatic<\/td>\n<td style=\"text-align: center; width: 20.6452%;\">lat\u00f3n niquelado<\/td>\n<td style=\"text-align: center; width: 17.0323%;\">Uni\u00f3n en codo<\/td>\n<td style=\"text-align: center; width: 9.80645%;\">3\/8&#8243;<\/td>\n<td style=\"text-align: center; width: 29.6774%;\">3\/8&#8243;<\/td>\n<\/tr>\n<tr>\n<td style=\"text-align: center; width: 12.9032%;\">PN28 1\/2 1\/2<\/td>\n<td style=\"text-align: center; width: 20.9032%;\">Conectores instant\u00e1neos<\/td>\n<td style=\"text-align: center; width: 6.32258%;\">Cmatic<\/td>\n<td style=\"text-align: center; width: 20.6452%;\">lat\u00f3n niquelado<\/td>\n<td style=\"text-align: center; width: 17.0323%;\">Uni\u00f3n en codo<\/td>\n<td style=\"text-align: center; width: 9.80645%;\">1\/2&#8243;<\/td>\n<td style=\"text-align: center; width: 29.6774%;\">1\/2&#8243;<\/td>\n<\/tr>\n<\/tbody>\n<\/table>\n","protected":false},"excerpt":{"rendered":"<p>Conector Instant\u00e1neo para tuber\u00eda en pulgadas.<br \/>\nPresentaci\u00f3n: uni\u00f3n en codo; lat\u00f3n niquelado<br \/>\nPresi\u00f3n: -0,99 a 20 bar<br \/>\nTemperatura: -20\u00baC a 80\u00baC<\/p>\n<p><span style=\"font-size: 120%;\"><strong>INFORMACI\u00d3N T\u00c9CNICA<br \/>\n<\/strong><\/span>&#8211; <a href=\"https:\/\/struke.com.pe\/tienda\/wp-content\/uploads\/2025\/02\/PN28.pdf\">Uni\u00f3n en codo PN28<\/a><br \/>\n&#8211; <a href=\"https:\/\/www.datocms-assets.com\/86553\/1673877923-pn0.pdf\">Cat\u00e1logo completo PN<\/a><\/p>\n","protected":false},"featured_media":3242,"template":"","meta":[],"pwb-brand":[18],"product_brand":[],"product_cat":[35,25],"product_tag":[],"class_list":{"0":"post-3233","1":"product","2":"type-product","3":"status-publish","4":"has-post-thumbnail","6":"pwb-brand-cmatic","7":"product_cat-conectores","8":"product_cat-conectores-instantaneos-para-tuberia-en-pulgadas","10":"first","11":"instock","12":"sale","13":"taxable","14":"shipping-taxable","15":"purchasable","16":"product-type-variable"},"acf":[],"brands":[{"id":18,"name":"CMATIC Conectores, racores","slug":"cmatic"}],"_links":{"self":[{"href":"https:\/\/struke.com.pe\/tienda\/wp-json\/wp\/v2\/product\/3233","targetHints":{"allow":["GET"]}}],"collection":[{"href":"https:\/\/struke.com.pe\/tienda\/wp-json\/wp\/v2\/product"}],"about":[{"href":"https:\/\/struke.com.pe\/tienda\/wp-json\/wp\/v2\/types\/product"}],"wp:featuredmedia":[{"embeddable":true,"href":"https:\/\/struke.com.pe\/tienda\/wp-json\/wp\/v2\/media\/3242"}],"wp:attachment":[{"href":"https:\/\/struke.com.pe\/tienda\/wp-json\/wp\/v2\/media?parent=3233"}],"wp:term":[{"taxonomy":"pwb-brand","embeddable":true,"href":"https:\/\/struke.com.pe\/tienda\/wp-json\/wp\/v2\/pwb-brand?post=3233"},{"taxonomy":"product_brand","embeddable":true,"href":"https:\/\/struke.com.pe\/tienda\/wp-json\/wp\/v2\/product_brand?post=3233"},{"taxonomy":"product_cat","embeddable":true,"href":"https:\/\/struke.com.pe\/tienda\/wp-json\/wp\/v2\/product_cat?post=3233"},{"taxonomy":"product_tag","embeddable":true,"href":"https:\/\/struke.com.pe\/tienda\/wp-json\/wp\/v2\/product_tag?post=3233"}],"curies":[{"name":"wp","href":"https:\/\/api.w.org\/{rel}","templated":true}]}}