{"id":3638,"date":"2025-03-06T17:11:01","date_gmt":"2025-03-06T22:11:01","guid":{"rendered":"https:\/\/struke.com.pe\/tienda\/?post_type=product&#038;p=3638"},"modified":"2026-01-25T12:07:36","modified_gmt":"2026-01-25T17:07:36","slug":"cmatic-serie-ra-ra43","status":"publish","type":"product","link":"https:\/\/struke.com.pe\/tienda\/producto\/cmatic-serie-ra-ra43\/","title":{"rendered":"CMATIC Serie RA \u2013 RA43"},"content":{"rendered":"<table style=\"width: 52.5592%;\" width=\"665\">\n<tbody>\n<tr>\n<td style=\"text-align: center; width: 15.7275%;\" width=\"131\"><strong>C\u00f3digo<\/strong><\/td>\n<td style=\"text-align: center; width: 20.6621%;\" width=\"135\"><strong>Categor\u00eda<\/strong><\/td>\n<td style=\"text-align: center; width: 10.5082%;\" width=\"49\"><strong>Marca<\/strong><\/td>\n<td style=\"text-align: center; width: 19.7268%;\" width=\"119\"><strong>Denominaci\u00f3n<\/strong><\/td>\n<td style=\"text-align: center; width: 23.4614%;\" width=\"143\"><strong>Configuraci\u00f3n<\/strong><\/td>\n<td style=\"text-align: center; width: 35.0645%;\" width=\"88\"><strong>Rosca<\/strong><\/td>\n<\/tr>\n<tr>\n<td style=\"text-align: center; width: 15.7275%;\">RA430018<\/td>\n<td style=\"text-align: center; width: 20.6621%;\">Conector roscado<\/td>\n<td style=\"text-align: center; width: 10.5082%;\">Cmatic<\/td>\n<td style=\"text-align: center; width: 19.7268%;\">Tap\u00f3n c\u00f3nico<\/td>\n<td style=\"text-align: center; width: 23.4614%;\">Ajuste con llave allen<\/td>\n<td style=\"text-align: center; width: 35.0645%;\">R1\/8&#8243;<\/td>\n<\/tr>\n<tr>\n<td style=\"text-align: center; width: 15.7275%;\">RA430014<\/td>\n<td style=\"text-align: center; width: 20.6621%;\">Conector roscado<\/td>\n<td style=\"text-align: center; width: 10.5082%;\">Cmatic<\/td>\n<td style=\"text-align: center; width: 19.7268%;\">Tap\u00f3n c\u00f3nico<\/td>\n<td style=\"text-align: center; width: 23.4614%;\">Ajuste con llave allen<\/td>\n<td style=\"text-align: center; width: 35.0645%;\">R1\/4&#8243;<\/td>\n<\/tr>\n<tr>\n<td style=\"text-align: center; width: 15.7275%;\">RA430038<\/td>\n<td style=\"text-align: center; width: 20.6621%;\">Conector roscado<\/td>\n<td style=\"text-align: center; width: 10.5082%;\">Cmatic<\/td>\n<td style=\"text-align: center; width: 19.7268%;\">Tap\u00f3n c\u00f3nico<\/td>\n<td style=\"text-align: center; width: 23.4614%;\">Ajuste con llave allen<\/td>\n<td style=\"text-align: center; width: 35.0645%;\">R3\/8&#8243;<\/td>\n<\/tr>\n<tr>\n<td style=\"text-align: center; width: 15.7275%;\">RA430012<\/td>\n<td style=\"text-align: center; width: 20.6621%;\">Conector roscado<\/td>\n<td style=\"text-align: center; width: 10.5082%;\">Cmatic<\/td>\n<td style=\"text-align: center; width: 19.7268%;\">Tap\u00f3n c\u00f3nico<\/td>\n<td style=\"text-align: center; width: 23.4614%;\">Ajuste con llave allen<\/td>\n<td style=\"text-align: center; width: 35.0645%;\">R1\/2&#8243;<\/td>\n<\/tr>\n<tr>\n<td style=\"text-align: center; width: 15.7275%;\">RA430034<\/td>\n<td style=\"text-align: center; width: 20.6621%;\">Conector roscado<\/td>\n<td style=\"text-align: center; width: 10.5082%;\">Cmatic<\/td>\n<td style=\"text-align: center; width: 19.7268%;\">Tap\u00f3n c\u00f3nico<\/td>\n<td style=\"text-align: center; width: 23.4614%;\">Ajuste con llave allen<\/td>\n<td style=\"text-align: center; width: 35.0645%;\">R3\/4&#8243;<\/td>\n<\/tr>\n<tr>\n<td style=\"width: 15.7275%; text-align: center;\">RA43001<\/td>\n<td style=\"width: 20.6621%; text-align: center;\">Conector roscado<\/td>\n<td style=\"width: 10.5082%; text-align: center;\">Cmatic<\/td>\n<td style=\"width: 19.7268%; text-align: center;\">Tap\u00f3n c\u00f3nico<\/td>\n<td style=\"width: 23.4614%; text-align: center;\">Ajuste con llave allen<\/td>\n<td style=\"width: 35.0645%; text-align: center;\">R1&#8243;<\/td>\n<\/tr>\n<\/tbody>\n<\/table>\n","protected":false},"excerpt":{"rendered":"<p>Conector roscado.<br \/>\nPresentaci\u00f3n: Tap\u00f3n c\u00f3nico; niquelado electrol\u00edtico<br \/>\nRosca: tipo R (BSPT)<br \/>\nPresi\u00f3n: 0 a 60 bar<br \/>\nTemperatura: -40\u00baC a 150\u00baC<\/p>\n<p><span style=\"font-size: 120%;\"><strong>INFORMACI\u00d3N T\u00c9CNICA<br \/>\n<\/strong><\/span>&#8211; <a href=\"https:\/\/struke.com.pe\/tienda\/wp-content\/uploads\/2025\/02\/RA43.jpg\">Tap\u00f3n c\u00f3nico RA43<\/a><br \/>\n&#8211; <a href=\"https:\/\/www.datocms-assets.com\/86553\/1718711705-ra-line-correttogiu24.pdf\">Cat\u00e1logo completo RA<\/a><\/p>\n<p>&nbsp;<\/p>\n","protected":false},"featured_media":3645,"template":"","meta":[],"pwb-brand":[18],"product_brand":[],"product_cat":[35,29],"product_tag":[],"class_list":{"0":"post-3638","1":"product","2":"type-product","3":"status-publish","4":"has-post-thumbnail","6":"pwb-brand-cmatic","7":"product_cat-conectores","8":"product_cat-conectores-roscados","10":"first","11":"instock","12":"sale","13":"taxable","14":"shipping-taxable","15":"purchasable","16":"product-type-variable"},"acf":[],"brands":[{"id":18,"name":"CMATIC Conectores, racores","slug":"cmatic"}],"_links":{"self":[{"href":"https:\/\/struke.com.pe\/tienda\/wp-json\/wp\/v2\/product\/3638","targetHints":{"allow":["GET"]}}],"collection":[{"href":"https:\/\/struke.com.pe\/tienda\/wp-json\/wp\/v2\/product"}],"about":[{"href":"https:\/\/struke.com.pe\/tienda\/wp-json\/wp\/v2\/types\/product"}],"wp:featuredmedia":[{"embeddable":true,"href":"https:\/\/struke.com.pe\/tienda\/wp-json\/wp\/v2\/media\/3645"}],"wp:attachment":[{"href":"https:\/\/struke.com.pe\/tienda\/wp-json\/wp\/v2\/media?parent=3638"}],"wp:term":[{"taxonomy":"pwb-brand","embeddable":true,"href":"https:\/\/struke.com.pe\/tienda\/wp-json\/wp\/v2\/pwb-brand?post=3638"},{"taxonomy":"product_brand","embeddable":true,"href":"https:\/\/struke.com.pe\/tienda\/wp-json\/wp\/v2\/product_brand?post=3638"},{"taxonomy":"product_cat","embeddable":true,"href":"https:\/\/struke.com.pe\/tienda\/wp-json\/wp\/v2\/product_cat?post=3638"},{"taxonomy":"product_tag","embeddable":true,"href":"https:\/\/struke.com.pe\/tienda\/wp-json\/wp\/v2\/product_tag?post=3638"}],"curies":[{"name":"wp","href":"https:\/\/api.w.org\/{rel}","templated":true}]}}