{"id":3677,"date":"2025-03-06T19:36:25","date_gmt":"2025-03-07T00:36:25","guid":{"rendered":"https:\/\/struke.com.pe\/tienda\/?post_type=product&#038;p=3677"},"modified":"2026-02-08T19:19:25","modified_gmt":"2026-02-09T00:19:25","slug":"cmatic-serie-ra-ra46","status":"publish","type":"product","link":"https:\/\/struke.com.pe\/tienda\/producto\/cmatic-serie-ra-ra46\/","title":{"rendered":"CMATIC Serie RA \u2013 RA46"},"content":{"rendered":"<table style=\"width: 54.0118%;\" width=\"665\">\n<tbody>\n<tr>\n<td style=\"text-align: center; width: 15.8312%;\" width=\"131\"><strong>C\u00f3digo<\/strong><\/td>\n<td style=\"text-align: center; width: 22.0543%;\" width=\"135\"><strong>Categor\u00eda<\/strong><\/td>\n<td style=\"text-align: center; width: 10.7753%;\" width=\"49\"><strong>Marca<\/strong><\/td>\n<td style=\"text-align: center; width: 18.6243%;\" width=\"119\"><strong>Denominaci\u00f3n<\/strong><\/td>\n<td style=\"text-align: center; width: 22.4729%;\" width=\"143\"><strong>Configuraci\u00f3n<\/strong><\/td>\n<td style=\"text-align: center; width: 38.8565%;\" width=\"88\"><strong>Rosca<\/strong><\/td>\n<\/tr>\n<tr>\n<td style=\"text-align: center; width: 15.8312%;\">RA460018<\/td>\n<td style=\"text-align: center; width: 22.0543%;\">Conectores roscados<\/td>\n<td style=\"text-align: center; width: 10.7753%;\">Cmatic<\/td>\n<td style=\"text-align: center; width: 18.6243%;\">Tap\u00f3n con O-ring<\/td>\n<td style=\"text-align: center; width: 22.4729%;\">Ajuste con llave allen<\/td>\n<td style=\"text-align: center; width: 38.8565%;\">G1\/8&#8243;<\/td>\n<\/tr>\n<tr>\n<td style=\"text-align: center; width: 15.8312%;\">RA460014<\/td>\n<td style=\"text-align: center; width: 22.0543%;\">Conectores roscados<\/td>\n<td style=\"text-align: center; width: 10.7753%;\">Cmatic<\/td>\n<td style=\"text-align: center; width: 18.6243%;\">Tap\u00f3n con O-ring<\/td>\n<td style=\"text-align: center; width: 22.4729%;\">Ajuste con llave allen<\/td>\n<td style=\"text-align: center; width: 38.8565%;\">G1\/4&#8243;<\/td>\n<\/tr>\n<tr>\n<td style=\"text-align: center; width: 15.8312%;\">RA460038<\/td>\n<td style=\"text-align: center; width: 22.0543%;\">Conectores roscados<\/td>\n<td style=\"text-align: center; width: 10.7753%;\">Cmatic<\/td>\n<td style=\"text-align: center; width: 18.6243%;\">Tap\u00f3n con O-ring<\/td>\n<td style=\"text-align: center; width: 22.4729%;\">Ajuste con llave allen<\/td>\n<td style=\"text-align: center; width: 38.8565%;\">G3\/8&#8243;<\/td>\n<\/tr>\n<tr>\n<td style=\"text-align: center; width: 15.8312%;\">RA460012<\/td>\n<td style=\"text-align: center; width: 22.0543%;\">Conectores roscados<\/td>\n<td style=\"text-align: center; width: 10.7753%;\">Cmatic<\/td>\n<td style=\"text-align: center; width: 18.6243%;\">Tap\u00f3n con O-ring<\/td>\n<td style=\"text-align: center; width: 22.4729%;\">Ajuste con llave allen<\/td>\n<td style=\"text-align: center; width: 38.8565%;\">G1\/2&#8243;<\/td>\n<\/tr>\n<\/tbody>\n<\/table>\n","protected":false},"excerpt":{"rendered":"<p>Conector roscado.<br \/>\nPresentaci\u00f3n: Tap\u00f3n con O-ring; niquelado electrol\u00edtico<br \/>\nRosca: tipo G (BSPP)<br \/>\nPresi\u00f3n: 0 a 60 bar<br \/>\nTemperatura: -40\u00baC a 150\u00baC<\/p>\n<p><span style=\"font-size: 120%;\"><strong>INFORMACI\u00d3N T\u00c9CNICA<br \/>\n<\/strong><\/span>&#8211; <a href=\"https:\/\/struke.com.pe\/tienda\/wp-content\/uploads\/2025\/02\/RA46.jpg\">Tap\u00f3n con O-ring RA46<\/a><br \/>\n&#8211; <a href=\"https:\/\/www.datocms-assets.com\/86553\/1718711705-ra-line-correttogiu24.pdf\">Cat\u00e1logo completo RA<\/a><\/p>\n<p>&nbsp;<\/p>\n","protected":false},"featured_media":3684,"template":"","meta":[],"pwb-brand":[18],"product_brand":[],"product_cat":[35,29],"product_tag":[],"class_list":{"0":"post-3677","1":"product","2":"type-product","3":"status-publish","4":"has-post-thumbnail","6":"pwb-brand-cmatic","7":"product_cat-conectores","8":"product_cat-conectores-roscados","10":"first","11":"instock","12":"sale","13":"taxable","14":"shipping-taxable","15":"purchasable","16":"product-type-variable"},"acf":[],"brands":[{"id":18,"name":"CMATIC Conectores, racores","slug":"cmatic"}],"_links":{"self":[{"href":"https:\/\/struke.com.pe\/tienda\/wp-json\/wp\/v2\/product\/3677","targetHints":{"allow":["GET"]}}],"collection":[{"href":"https:\/\/struke.com.pe\/tienda\/wp-json\/wp\/v2\/product"}],"about":[{"href":"https:\/\/struke.com.pe\/tienda\/wp-json\/wp\/v2\/types\/product"}],"wp:featuredmedia":[{"embeddable":true,"href":"https:\/\/struke.com.pe\/tienda\/wp-json\/wp\/v2\/media\/3684"}],"wp:attachment":[{"href":"https:\/\/struke.com.pe\/tienda\/wp-json\/wp\/v2\/media?parent=3677"}],"wp:term":[{"taxonomy":"pwb-brand","embeddable":true,"href":"https:\/\/struke.com.pe\/tienda\/wp-json\/wp\/v2\/pwb-brand?post=3677"},{"taxonomy":"product_brand","embeddable":true,"href":"https:\/\/struke.com.pe\/tienda\/wp-json\/wp\/v2\/product_brand?post=3677"},{"taxonomy":"product_cat","embeddable":true,"href":"https:\/\/struke.com.pe\/tienda\/wp-json\/wp\/v2\/product_cat?post=3677"},{"taxonomy":"product_tag","embeddable":true,"href":"https:\/\/struke.com.pe\/tienda\/wp-json\/wp\/v2\/product_tag?post=3677"}],"curies":[{"name":"wp","href":"https:\/\/api.w.org\/{rel}","templated":true}]}}