{"id":884,"date":"2025-01-28T17:03:06","date_gmt":"2025-01-28T22:03:06","guid":{"rendered":"https:\/\/struke.com.pe\/tienda\/?post_type=product&#038;p=884"},"modified":"2026-01-04T20:02:24","modified_gmt":"2026-01-05T01:02:24","slug":"cmatic-serie-av-av29","status":"publish","type":"product","link":"https:\/\/struke.com.pe\/tienda\/producto\/cmatic-serie-av-av29\/","title":{"rendered":"CMATIC Serie AV \u2013 AV29"},"content":{"rendered":"<table style=\"width: 81.4333%; height: 172px;\" width=\"850\">\n<tbody>\n<tr style=\"height: 47px;\">\n<td style=\"height: 47px; text-align: center; width: 9.42957%;\" width=\"80\"><strong>C\u00f3digo<\/strong><\/td>\n<td style=\"height: 47px; text-align: center; width: 19.092%;\" width=\"162\"><strong>Categor\u00eda<\/strong><\/td>\n<td style=\"height: 47px; text-align: center; width: 6.51921%;\" width=\"49\"><strong>Marca<\/strong><\/td>\n<td style=\"height: 47px; text-align: center; width: 14.6682%;\" width=\"132\"><strong>Materiales<\/strong><\/td>\n<td style=\"height: 47px; text-align: center; width: 15.4831%;\" width=\"132\"><strong>Ejecuci\u00f3n<\/strong><\/td>\n<td style=\"height: 47px; text-align: center; width: 11.4086%;\" width=\"97\"><strong>Conexi\u00f3n 1 [mm]<\/strong><\/td>\n<td style=\"height: 47px; text-align: center; width: 10.4773%;\" width=\"89\"><strong>Conexi\u00f3n 2 [mm]<\/strong><\/td>\n<td style=\"height: 47px; text-align: center; width: 12.8056%;\" width=\"109\"><strong>Conexi\u00f3n 3 [mm]<\/strong><\/td>\n<\/tr>\n<tr style=\"height: 25px;\">\n<td style=\"height: 25px; text-align: center; width: 9.42957%;\">AV290404<\/td>\n<td style=\"height: 25px; text-align: center; width: 19.092%;\">Conectores instant\u00e1neos<\/td>\n<td style=\"height: 25px; text-align: center; width: 6.51921%;\">Cmatic<\/td>\n<td style=\"height: 25px; text-align: center; width: 14.6682%;\">Lat\u00f3n niquelado<\/td>\n<td style=\"height: 25px; text-align: center; width: 15.4831%;\">Uni\u00f3n en \u00abT\u00bb<\/td>\n<td style=\"height: 25px; text-align: center; width: 11.4086%;\">4<\/td>\n<td style=\"height: 25px; text-align: center; width: 10.4773%;\">4<\/td>\n<td style=\"height: 25px; text-align: center; width: 12.8056%;\">4<\/td>\n<\/tr>\n<tr style=\"height: 25px;\">\n<td style=\"height: 25px; text-align: center; width: 9.42957%;\">AV290606<\/td>\n<td style=\"height: 25px; text-align: center; width: 19.092%;\">Conectores instant\u00e1neos<\/td>\n<td style=\"height: 25px; text-align: center; width: 6.51921%;\">Cmatic<\/td>\n<td style=\"height: 25px; text-align: center; width: 14.6682%;\">Lat\u00f3n niquelado<\/td>\n<td style=\"height: 25px; text-align: center; width: 15.4831%;\">Uni\u00f3n en \u00abT\u00bb<\/td>\n<td style=\"height: 25px; text-align: center; width: 11.4086%;\">6<\/td>\n<td style=\"height: 25px; text-align: center; width: 10.4773%;\">6<\/td>\n<td style=\"height: 25px; text-align: center; width: 12.8056%;\">6<\/td>\n<\/tr>\n<tr style=\"height: 25px;\">\n<td style=\"height: 25px; text-align: center; width: 9.42957%;\">AV290808<\/td>\n<td style=\"height: 25px; text-align: center; width: 19.092%;\">Conectores instant\u00e1neos<\/td>\n<td style=\"height: 25px; text-align: center; width: 6.51921%;\">Cmatic<\/td>\n<td style=\"height: 25px; text-align: center; width: 14.6682%;\">Lat\u00f3n niquelado<\/td>\n<td style=\"height: 25px; text-align: center; width: 15.4831%;\">Uni\u00f3n en \u00abT\u00bb<\/td>\n<td style=\"height: 25px; text-align: center; width: 11.4086%;\">8<\/td>\n<td style=\"height: 25px; text-align: center; width: 10.4773%;\">8<\/td>\n<td style=\"height: 25px; text-align: center; width: 12.8056%;\">8<\/td>\n<\/tr>\n<tr style=\"height: 25px;\">\n<td style=\"height: 25px; text-align: center; width: 9.42957%;\">AV291010<\/td>\n<td style=\"height: 25px; text-align: center; width: 19.092%;\">Conectores instant\u00e1neos<\/td>\n<td style=\"height: 25px; text-align: center; width: 6.51921%;\">Cmatic<\/td>\n<td style=\"height: 25px; text-align: center; width: 14.6682%;\">Lat\u00f3n niquelado<\/td>\n<td style=\"height: 25px; text-align: center; width: 15.4831%;\">Uni\u00f3n en \u00abT\u00bb<\/td>\n<td style=\"height: 25px; text-align: center; width: 11.4086%;\">10<\/td>\n<td style=\"height: 25px; text-align: center; width: 10.4773%;\">10<\/td>\n<td style=\"height: 25px; text-align: center; width: 12.8056%;\">10<\/td>\n<\/tr>\n<tr style=\"height: 25px;\">\n<td style=\"height: 25px; text-align: center; width: 9.42957%;\">AV291212<\/td>\n<td style=\"height: 25px; text-align: center; width: 19.092%;\">Conectores instant\u00e1neos<\/td>\n<td style=\"height: 25px; text-align: center; width: 6.51921%;\">Cmatic<\/td>\n<td style=\"height: 25px; text-align: center; width: 14.6682%;\">Lat\u00f3n niquelado<\/td>\n<td style=\"height: 25px; text-align: center; width: 15.4831%;\">Uni\u00f3n en \u00abT\u00bb<\/td>\n<td style=\"height: 25px; text-align: center; width: 11.4086%;\">12<\/td>\n<td style=\"height: 25px; text-align: center; width: 10.4773%;\">12<\/td>\n<td style=\"height: 25px; text-align: center; width: 12.8056%;\">12<\/td>\n<\/tr>\n<\/tbody>\n<\/table>\n","protected":false},"excerpt":{"rendered":"<p>Conector Instant\u00e1neo para tuber\u00eda en mm.<br \/>\nPresentaci\u00f3n: uni\u00f3n en T; niquelado qu\u00edmico<br \/>\nUso: industria alimenticia, qu\u00edmica, certificado NSF 51<br \/>\nPresi\u00f3n: -0,99 a 20 bar<br \/>\nTemperatura: -20\u00baC a 150\u00baC<\/p>\n<p><span style=\"font-size: 120%;\"><strong>INFORMACI\u00d3N T\u00c9CNICA<br \/>\n<\/strong><\/span>&#8211; <a href=\"https:\/\/struke.com.pe\/tienda\/wp-content\/uploads\/2025\/01\/AV29.pdf\">Uni\u00f3n en \u00abT\u00bb NSF 51 AV29<\/a><br \/>\n&#8211; <a href=\"https:\/\/www.datocms-assets.com\/86553\/1673601449-av-line.pdf\">Cat\u00e1logo completo AV<\/a><\/p>\n","protected":false},"featured_media":900,"template":"","meta":[],"pwb-brand":[18],"product_brand":[],"product_cat":[35,24,27],"product_tag":[],"class_list":{"0":"post-884","1":"product","2":"type-product","3":"status-publish","4":"has-post-thumbnail","6":"pwb-brand-cmatic","7":"product_cat-conectores","8":"product_cat-conectores-instantaneos-para-tuberia-en-mm","9":"product_cat-conectores-sanitarios-y-316l","11":"first","12":"instock","13":"sale","14":"taxable","15":"shipping-taxable","16":"purchasable","17":"product-type-variable"},"acf":[],"brands":[{"id":18,"name":"CMATIC Conectores, racores","slug":"cmatic"}],"_links":{"self":[{"href":"https:\/\/struke.com.pe\/tienda\/wp-json\/wp\/v2\/product\/884","targetHints":{"allow":["GET"]}}],"collection":[{"href":"https:\/\/struke.com.pe\/tienda\/wp-json\/wp\/v2\/product"}],"about":[{"href":"https:\/\/struke.com.pe\/tienda\/wp-json\/wp\/v2\/types\/product"}],"wp:featuredmedia":[{"embeddable":true,"href":"https:\/\/struke.com.pe\/tienda\/wp-json\/wp\/v2\/media\/900"}],"wp:attachment":[{"href":"https:\/\/struke.com.pe\/tienda\/wp-json\/wp\/v2\/media?parent=884"}],"wp:term":[{"taxonomy":"pwb-brand","embeddable":true,"href":"https:\/\/struke.com.pe\/tienda\/wp-json\/wp\/v2\/pwb-brand?post=884"},{"taxonomy":"product_brand","embeddable":true,"href":"https:\/\/struke.com.pe\/tienda\/wp-json\/wp\/v2\/product_brand?post=884"},{"taxonomy":"product_cat","embeddable":true,"href":"https:\/\/struke.com.pe\/tienda\/wp-json\/wp\/v2\/product_cat?post=884"},{"taxonomy":"product_tag","embeddable":true,"href":"https:\/\/struke.com.pe\/tienda\/wp-json\/wp\/v2\/product_tag?post=884"}],"curies":[{"name":"wp","href":"https:\/\/api.w.org\/{rel}","templated":true}]}}